{"id":118,"date":"2023-11-25T12:18:59","date_gmt":"2023-11-25T12:18:59","guid":{"rendered":"https:\/\/vhundsport.se\/?page_id=118"},"modified":"2025-07-12T10:01:20","modified_gmt":"2025-07-12T08:01:20","slug":"test","status":"publish","type":"page","link":"https:\/\/vhundsport.se\/?page_id=118","title":{"rendered":"Aktuellt"},"content":{"rendered":"\n<p><strong>Tr\u00e4na p\u00e5 f\u00e4rdig agilitybana<\/strong>.<\/p>\n\n\n\n<p>Varje onsdag under sommaren och fram tills det m\u00f6rknar kommer det att finnas en f\u00e4rdig agilitybana att tr\u00e4na p\u00e5. Gemensam banvandring 18:30. Kostnad 40 kr per ekipage + 20 kr f\u00f6r x-tra hund. Du tr\u00e4nar s\u00e5 l\u00e4nge du vill med l\u00e4ngst till 22:00. Veckans bana presenteras <a href=\"https:\/\/vhundsport.se\/?page_id=215\" title=\"\">h\u00e4r<\/a>.<\/p>\n\n\n\n<p><strong>Bygga hall<\/strong><\/p>\n\n\n\n<p>Nu startar vi projektet att bygga en hall d\u00e4rf\u00f6r g\u00e5r det just nu inte att hyra konstgr\u00e4sytan &#8211; l\u00e4s mer om detta <a href=\"https:\/\/vhundsport.se\/?page_id=218\" title=\"\">h\u00e4r<\/a>.<\/p>\n\n\n\n<p><\/p>\n","protected":false},"excerpt":{"rendered":"<p>Tr\u00e4na p\u00e5 f\u00e4rdig agilitybana. Varje onsdag under sommaren och fram tills det m\u00f6rknar kommer det att finnas en f\u00e4rdig agilitybana att tr\u00e4na p\u00e5. Gemensam banvandring 18:30. Kostnad 40 kr per ekipage + 20 kr f\u00f6r x-tra hund. Du tr\u00e4nar s\u00e5 l\u00e4nge du vill med l\u00e4ngst till 22:00. Veckans bana presenteras [&hellip;]<\/p>\n","protected":false},"author":1,"featured_media":0,"parent":0,"menu_order":0,"comment_status":"closed","ping_status":"closed","template":"","meta":{"footnotes":""},"class_list":["post-118","page","type-page","status-publish","hentry"],"aioseo_notices":[],"_links":{"self":[{"href":"https:\/\/vhundsport.se\/index.php?rest_route=\/wp\/v2\/pages\/118","targetHints":{"allow":["GET"]}}],"collection":[{"href":"https:\/\/vhundsport.se\/index.php?rest_route=\/wp\/v2\/pages"}],"about":[{"href":"https:\/\/vhundsport.se\/index.php?rest_route=\/wp\/v2\/types\/page"}],"author":[{"embeddable":true,"href":"https:\/\/vhundsport.se\/index.php?rest_route=\/wp\/v2\/users\/1"}],"replies":[{"embeddable":true,"href":"https:\/\/vhundsport.se\/index.php?rest_route=%2Fwp%2Fv2%2Fcomments&post=118"}],"version-history":[{"count":28,"href":"https:\/\/vhundsport.se\/index.php?rest_route=\/wp\/v2\/pages\/118\/revisions"}],"predecessor-version":[{"id":643,"href":"https:\/\/vhundsport.se\/index.php?rest_route=\/wp\/v2\/pages\/118\/revisions\/643"}],"wp:attachment":[{"href":"https:\/\/vhundsport.se\/index.php?rest_route=%2Fwp%2Fv2%2Fmedia&parent=118"}],"curies":[{"name":"wp","href":"https:\/\/api.w.org\/{rel}","templated":true}]}}