{"id":122,"date":"2023-11-25T12:29:05","date_gmt":"2023-11-25T12:29:05","guid":{"rendered":"https:\/\/vhundsport.se\/?page_id=122"},"modified":"2023-11-26T09:12:14","modified_gmt":"2023-11-26T09:12:14","slug":"vagbeskrivning","status":"publish","type":"page","link":"https:\/\/vhundsport.se\/?page_id=122","title":{"rendered":"V\u00e4gbeskrivning till PAY AND JUMP agility"},"content":{"rendered":"\n<p>Adress: <\/p>\n\n\n\n<p>Vis\u00e4tter Hundsport, Vis\u00e4tter Mellang\u00e5rd 1, 58394 Nykil<\/p>\n\n\n\n<figure class=\"wp-block-image size-large\"><img loading=\"lazy\" decoding=\"async\" width=\"984\" height=\"1024\" src=\"https:\/\/vhundsport.se\/wp-content\/uploads\/2023\/11\/received_715689513441452-984x1024.jpeg\" alt=\"\" class=\"wp-image-126\" srcset=\"https:\/\/vhundsport.se\/wp-content\/uploads\/2023\/11\/received_715689513441452-984x1024.jpeg 984w, https:\/\/vhundsport.se\/wp-content\/uploads\/2023\/11\/received_715689513441452-288x300.jpeg 288w, https:\/\/vhundsport.se\/wp-content\/uploads\/2023\/11\/received_715689513441452-768x799.jpeg 768w, https:\/\/vhundsport.se\/wp-content\/uploads\/2023\/11\/received_715689513441452.jpeg 1350w\" sizes=\"auto, (max-width: 984px) 100vw, 984px\" \/><\/figure>\n\n\n\n<figure class=\"wp-block-image size-large\"><img loading=\"lazy\" decoding=\"async\" width=\"1024\" height=\"913\" src=\"https:\/\/vhundsport.se\/wp-content\/uploads\/2023\/11\/received_359331356658808-1024x913.jpeg\" alt=\"\" class=\"wp-image-128\" srcset=\"https:\/\/vhundsport.se\/wp-content\/uploads\/2023\/11\/received_359331356658808-1024x913.jpeg 1024w, https:\/\/vhundsport.se\/wp-content\/uploads\/2023\/11\/received_359331356658808-300x268.jpeg 300w, https:\/\/vhundsport.se\/wp-content\/uploads\/2023\/11\/received_359331356658808-768x685.jpeg 768w, https:\/\/vhundsport.se\/wp-content\/uploads\/2023\/11\/received_359331356658808-1536x1370.jpeg 1536w, https:\/\/vhundsport.se\/wp-content\/uploads\/2023\/11\/received_359331356658808.jpeg 1551w\" sizes=\"auto, (max-width: 1024px) 100vw, 1024px\" \/><\/figure>\n","protected":false},"excerpt":{"rendered":"<p>Adress: Vis\u00e4tter Hundsport, Vis\u00e4tter Mellang\u00e5rd 1, 58394 Nykil<\/p>\n","protected":false},"author":1,"featured_media":0,"parent":0,"menu_order":0,"comment_status":"closed","ping_status":"closed","template":"","meta":{"footnotes":""},"class_list":["post-122","page","type-page","status-publish","hentry"],"aioseo_notices":[],"_links":{"self":[{"href":"https:\/\/vhundsport.se\/index.php?rest_route=\/wp\/v2\/pages\/122","targetHints":{"allow":["GET"]}}],"collection":[{"href":"https:\/\/vhundsport.se\/index.php?rest_route=\/wp\/v2\/pages"}],"about":[{"href":"https:\/\/vhundsport.se\/index.php?rest_route=\/wp\/v2\/types\/page"}],"author":[{"embeddable":true,"href":"https:\/\/vhundsport.se\/index.php?rest_route=\/wp\/v2\/users\/1"}],"replies":[{"embeddable":true,"href":"https:\/\/vhundsport.se\/index.php?rest_route=%2Fwp%2Fv2%2Fcomments&post=122"}],"version-history":[{"count":4,"href":"https:\/\/vhundsport.se\/index.php?rest_route=\/wp\/v2\/pages\/122\/revisions"}],"predecessor-version":[{"id":177,"href":"https:\/\/vhundsport.se\/index.php?rest_route=\/wp\/v2\/pages\/122\/revisions\/177"}],"wp:attachment":[{"href":"https:\/\/vhundsport.se\/index.php?rest_route=%2Fwp%2Fv2%2Fmedia&parent=122"}],"curies":[{"name":"wp","href":"https:\/\/api.w.org\/{rel}","templated":true}]}}