{"id":133,"date":"2023-11-25T13:05:48","date_gmt":"2023-11-25T13:05:48","guid":{"rendered":"https:\/\/vhundsport.se\/?page_id=133"},"modified":"2025-07-12T10:03:32","modified_gmt":"2025-07-12T08:03:32","slug":"konstgras","status":"publish","type":"page","link":"https:\/\/vhundsport.se\/?page_id=133","title":{"rendered":"Konstgr\u00e4sytan blir inomhushall"},"content":{"rendered":"\n<p>Viktig uppdatering. Konstgr\u00e4set \u00e4r tillf\u00e4lligt borttaget d\u00e5 vi snart startar bygget av en hundhall. Hallen byggs l\u00e4ngsmed hela ladug\u00e5rdsv\u00e4ggen och blir ca 400 kvm. Projektet kommer att uppdateras p\u00e5 denna sida. N\u00e4r hallen \u00e4r f\u00e4rdig kommer man att kunna hyra den f\u00f6r tr\u00e4ning.<\/p>\n\n\n\n<figure class=\"wp-block-image size-large\"><img loading=\"lazy\" decoding=\"async\" width=\"1024\" height=\"461\" src=\"https:\/\/vhundsport.se\/wp-content\/uploads\/2025\/04\/1000012225-1024x461.jpg\" alt=\"\" class=\"wp-image-587\" srcset=\"https:\/\/vhundsport.se\/wp-content\/uploads\/2025\/04\/1000012225-1024x461.jpg 1024w, https:\/\/vhundsport.se\/wp-content\/uploads\/2025\/04\/1000012225-300x135.jpg 300w, https:\/\/vhundsport.se\/wp-content\/uploads\/2025\/04\/1000012225-768x346.jpg 768w, https:\/\/vhundsport.se\/wp-content\/uploads\/2025\/04\/1000012225-1536x692.jpg 1536w, https:\/\/vhundsport.se\/wp-content\/uploads\/2025\/04\/1000012225-2048x922.jpg 2048w\" sizes=\"auto, (max-width: 1024px) 100vw, 1024px\" \/><\/figure>\n\n\n\n<p><\/p>\n\n\n\n<figure class=\"wp-block-image size-large\"><img loading=\"lazy\" decoding=\"async\" width=\"1024\" height=\"461\" src=\"https:\/\/vhundsport.se\/wp-content\/uploads\/2023\/11\/20231118_154652-1-1024x461.jpg\" alt=\"\" class=\"wp-image-135\" srcset=\"https:\/\/vhundsport.se\/wp-content\/uploads\/2023\/11\/20231118_154652-1-1024x461.jpg 1024w, https:\/\/vhundsport.se\/wp-content\/uploads\/2023\/11\/20231118_154652-1-300x135.jpg 300w, https:\/\/vhundsport.se\/wp-content\/uploads\/2023\/11\/20231118_154652-1-768x346.jpg 768w, https:\/\/vhundsport.se\/wp-content\/uploads\/2023\/11\/20231118_154652-1-1536x692.jpg 1536w, https:\/\/vhundsport.se\/wp-content\/uploads\/2023\/11\/20231118_154652-1-2048x922.jpg 2048w\" sizes=\"auto, (max-width: 1024px) 100vw, 1024px\" \/><\/figure>\n\n\n\n<figure class=\"wp-block-image size-large\"><img loading=\"lazy\" decoding=\"async\" width=\"461\" height=\"1024\" src=\"https:\/\/vhundsport.se\/wp-content\/uploads\/2023\/11\/20231125_171325-461x1024.jpg\" alt=\"\" class=\"wp-image-221\" srcset=\"https:\/\/vhundsport.se\/wp-content\/uploads\/2023\/11\/20231125_171325-461x1024.jpg 461w, https:\/\/vhundsport.se\/wp-content\/uploads\/2023\/11\/20231125_171325-135x300.jpg 135w, https:\/\/vhundsport.se\/wp-content\/uploads\/2023\/11\/20231125_171325-768x1705.jpg 768w, https:\/\/vhundsport.se\/wp-content\/uploads\/2023\/11\/20231125_171325-692x1536.jpg 692w, https:\/\/vhundsport.se\/wp-content\/uploads\/2023\/11\/20231125_171325-922x2048.jpg 922w, https:\/\/vhundsport.se\/wp-content\/uploads\/2023\/11\/20231125_171325-scaled.jpg 1153w\" sizes=\"auto, (max-width: 461px) 100vw, 461px\" \/><\/figure>\n","protected":false},"excerpt":{"rendered":"<p>Viktig uppdatering. Konstgr\u00e4set \u00e4r tillf\u00e4lligt borttaget d\u00e5 vi snart startar bygget av en hundhall. Hallen byggs l\u00e4ngsmed hela ladug\u00e5rdsv\u00e4ggen och blir ca 400 kvm. Projektet kommer att uppdateras p\u00e5 denna sida. N\u00e4r hallen \u00e4r f\u00e4rdig kommer man att kunna hyra den f\u00f6r tr\u00e4ning.<\/p>\n","protected":false},"author":1,"featured_media":0,"parent":0,"menu_order":0,"comment_status":"closed","ping_status":"closed","template":"","meta":{"footnotes":""},"class_list":["post-133","page","type-page","status-publish","hentry"],"aioseo_notices":[],"_links":{"self":[{"href":"https:\/\/vhundsport.se\/index.php?rest_route=\/wp\/v2\/pages\/133","targetHints":{"allow":["GET"]}}],"collection":[{"href":"https:\/\/vhundsport.se\/index.php?rest_route=\/wp\/v2\/pages"}],"about":[{"href":"https:\/\/vhundsport.se\/index.php?rest_route=\/wp\/v2\/types\/page"}],"author":[{"embeddable":true,"href":"https:\/\/vhundsport.se\/index.php?rest_route=\/wp\/v2\/users\/1"}],"replies":[{"embeddable":true,"href":"https:\/\/vhundsport.se\/index.php?rest_route=%2Fwp%2Fv2%2Fcomments&post=133"}],"version-history":[{"count":15,"href":"https:\/\/vhundsport.se\/index.php?rest_route=\/wp\/v2\/pages\/133\/revisions"}],"predecessor-version":[{"id":645,"href":"https:\/\/vhundsport.se\/index.php?rest_route=\/wp\/v2\/pages\/133\/revisions\/645"}],"wp:attachment":[{"href":"https:\/\/vhundsport.se\/index.php?rest_route=%2Fwp%2Fv2%2Fmedia&parent=133"}],"curies":[{"name":"wp","href":"https:\/\/api.w.org\/{rel}","templated":true}]}}