{"id":139,"date":"2023-11-25T13:15:04","date_gmt":"2023-11-25T13:15:04","guid":{"rendered":"https:\/\/vhundsport.se\/?page_id=139"},"modified":"2023-11-25T13:15:04","modified_gmt":"2023-11-25T13:15:04","slug":"kontakt","status":"publish","type":"page","link":"https:\/\/vhundsport.se\/?page_id=139","title":{"rendered":"Kontakt"},"content":{"rendered":"\n<p>Adress:<\/p>\n\n\n\n<p>Vis\u00e4tter Hundsport, Vis\u00e4tter Mellang\u00e5rd 1, 58394 Nykil<\/p>\n\n\n\n<p>E-post: brorsson.anki@gmail.com<\/p>\n\n\n\n<p>Telefon: 0727359433<\/p>\n","protected":false},"excerpt":{"rendered":"<p>Adress: Vis\u00e4tter Hundsport, Vis\u00e4tter Mellang\u00e5rd 1, 58394 Nykil E-post: brorsson.anki@gmail.com Telefon: 0727359433<\/p>\n","protected":false},"author":1,"featured_media":0,"parent":0,"menu_order":0,"comment_status":"closed","ping_status":"closed","template":"","meta":{"footnotes":""},"class_list":["post-139","page","type-page","status-publish","hentry"],"aioseo_notices":[],"_links":{"self":[{"href":"https:\/\/vhundsport.se\/index.php?rest_route=\/wp\/v2\/pages\/139","targetHints":{"allow":["GET"]}}],"collection":[{"href":"https:\/\/vhundsport.se\/index.php?rest_route=\/wp\/v2\/pages"}],"about":[{"href":"https:\/\/vhundsport.se\/index.php?rest_route=\/wp\/v2\/types\/page"}],"author":[{"embeddable":true,"href":"https:\/\/vhundsport.se\/index.php?rest_route=\/wp\/v2\/users\/1"}],"replies":[{"embeddable":true,"href":"https:\/\/vhundsport.se\/index.php?rest_route=%2Fwp%2Fv2%2Fcomments&post=139"}],"version-history":[{"count":1,"href":"https:\/\/vhundsport.se\/index.php?rest_route=\/wp\/v2\/pages\/139\/revisions"}],"predecessor-version":[{"id":140,"href":"https:\/\/vhundsport.se\/index.php?rest_route=\/wp\/v2\/pages\/139\/revisions\/140"}],"wp:attachment":[{"href":"https:\/\/vhundsport.se\/index.php?rest_route=%2Fwp%2Fv2%2Fmedia&parent=139"}],"curies":[{"name":"wp","href":"https:\/\/api.w.org\/{rel}","templated":true}]}}