{"id":142,"date":"2023-11-25T13:28:56","date_gmt":"2023-11-25T13:28:56","guid":{"rendered":"https:\/\/vhundsport.se\/?page_id=142"},"modified":"2023-12-04T11:20:28","modified_gmt":"2023-12-04T11:20:28","slug":"pay-and-jump","status":"publish","type":"page","link":"https:\/\/vhundsport.se\/?page_id=142","title":{"rendered":"PAY AND JUMP AGILITY"},"content":{"rendered":"\n<p><strong>Nu pausas denna aktivitet tills v\u00e5rsolen tittar fram igen. Tack f\u00f6r alla som kommit och trotsat kyla, regn och sn\u00f6. V\u00e4lkomna \u00e5ter.<\/strong><\/p>\n\n\n\n<p>Under tider f\u00f6r PAY AND JUMP g\u00e4ller drop in. En f\u00e4rdig kortare agilitybana finns uppst\u00e4lld p\u00e5 konstgr\u00e4sytan numrerad som sv\u00e5righet f\u00f6r \u00f6ppen klass (klass 1-2) samt som bl\u00e5b\u00e4r.<\/p>\n\n\n\n<p>Du kommer n\u00e4r du vill och tr\u00e4nar s\u00e5 l\u00e4nge du vill. Kostnaden \u00e4r 40 kr per hund och 20 kr f\u00f6r hund nummer 2 o 3 osv. Betalning swishas till 0727359433 (Ann-Christin Brorsson) m\u00e4rk betalning med Vis\u00e4tter Hundsport. Om m\u00e5nga kommer samtidigt g\u00e4ller turordning i den ordning man kommit. Balanshinder finns uppst\u00e4llda p\u00e5 sidan om banan (ej p\u00e5 fullh\u00f6jd). Dessa f\u00e5r anv\u00e4ndas att tr\u00e4nas p\u00e5 men dom f\u00e5r inte flyttas eller \u00e4ndras p\u00e5 h\u00f6jden.<\/p>\n\n\n\n<p>Man har \u00e4ven tillg\u00e5ng till stalldelen av ladug\u00e5rden under tr\u00e4ning d\u00e4r vatten finns i gamla mj\u00f6lkrummet l\u00e4ngst ner till h\u00f6ger.<\/p>\n\n\n\n<p>Promenera g\u00e4rna med era hundar p\u00e5 v\u00e4gen mot H\u00f6rna. Undvik att vistas med hund p\u00e5 andra sidan ladug\u00e5rden p\u00e5 g\u00e5rdsplanen. Varmt v\u00e4lkomna.<\/p>\n\n\n\n<p><strong>Tillf\u00e4llen<\/strong> (senaste ligger h\u00f6gst upp)<\/p>\n\n\n\n<p>L\u00f6r 25\/11-23 12:00-18:00<\/p>\n\n\n\n<p>S\u00f6n 26\/11-23 12:00-20:00<\/p>\n\n\n\n<figure class=\"wp-block-image size-large\"><img loading=\"lazy\" decoding=\"async\" width=\"1024\" height=\"593\" src=\"https:\/\/vhundsport.se\/wp-content\/uploads\/2023\/11\/received_3222713981355054-1-1024x593.jpeg\" alt=\"\" class=\"wp-image-148\" srcset=\"https:\/\/vhundsport.se\/wp-content\/uploads\/2023\/11\/received_3222713981355054-1-1024x593.jpeg 1024w, https:\/\/vhundsport.se\/wp-content\/uploads\/2023\/11\/received_3222713981355054-1-300x174.jpeg 300w, https:\/\/vhundsport.se\/wp-content\/uploads\/2023\/11\/received_3222713981355054-1-768x445.jpeg 768w, https:\/\/vhundsport.se\/wp-content\/uploads\/2023\/11\/received_3222713981355054-1.jpeg 1518w\" sizes=\"auto, (max-width: 1024px) 100vw, 1024px\" \/><\/figure>\n\n\n\n<figure class=\"wp-block-image size-large\"><img loading=\"lazy\" decoding=\"async\" width=\"1024\" height=\"593\" src=\"https:\/\/vhundsport.se\/wp-content\/uploads\/2023\/11\/received_317219017840383-1024x593.jpeg\" alt=\"\" class=\"wp-image-149\" srcset=\"https:\/\/vhundsport.se\/wp-content\/uploads\/2023\/11\/received_317219017840383-1024x593.jpeg 1024w, https:\/\/vhundsport.se\/wp-content\/uploads\/2023\/11\/received_317219017840383-300x174.jpeg 300w, https:\/\/vhundsport.se\/wp-content\/uploads\/2023\/11\/received_317219017840383-768x445.jpeg 768w, https:\/\/vhundsport.se\/wp-content\/uploads\/2023\/11\/received_317219017840383.jpeg 1518w\" sizes=\"auto, (max-width: 1024px) 100vw, 1024px\" \/><\/figure>\n\n\n\n<p>L\u00f6r 18\/11-23 10:00-16:00.<\/p>\n\n\n\n<p>Ons 22\/11-23 17:00-22:00<\/p>\n\n\n\n<p>Tors 23\/11-23 17:00-21:30<\/p>\n\n\n\n<p>Fre 24\/11-23 13:00-21:30<\/p>\n\n\n\n<figure class=\"wp-block-image size-large is-resized\"><img loading=\"lazy\" decoding=\"async\" src=\"https:\/\/vhundsport.se\/wp-content\/uploads\/2023\/11\/bana-1-klass-1-2-visatter-hundsport_381525-1024x593.png\" alt=\"\" class=\"wp-image-144\" width=\"840\" height=\"486\" srcset=\"https:\/\/vhundsport.se\/wp-content\/uploads\/2023\/11\/bana-1-klass-1-2-visatter-hundsport_381525-1024x593.png 1024w, https:\/\/vhundsport.se\/wp-content\/uploads\/2023\/11\/bana-1-klass-1-2-visatter-hundsport_381525-300x174.png 300w, https:\/\/vhundsport.se\/wp-content\/uploads\/2023\/11\/bana-1-klass-1-2-visatter-hundsport_381525-768x445.png 768w, https:\/\/vhundsport.se\/wp-content\/uploads\/2023\/11\/bana-1-klass-1-2-visatter-hundsport_381525.png 1518w\" sizes=\"auto, (max-width: 840px) 100vw, 840px\" \/><\/figure>\n\n\n\n<figure class=\"wp-block-image size-large\"><img loading=\"lazy\" decoding=\"async\" width=\"1024\" height=\"593\" src=\"https:\/\/vhundsport.se\/wp-content\/uploads\/2023\/11\/received_681212464098838-1024x593.jpeg\" alt=\"\" class=\"wp-image-146\" srcset=\"https:\/\/vhundsport.se\/wp-content\/uploads\/2023\/11\/received_681212464098838-1024x593.jpeg 1024w, https:\/\/vhundsport.se\/wp-content\/uploads\/2023\/11\/received_681212464098838-300x174.jpeg 300w, https:\/\/vhundsport.se\/wp-content\/uploads\/2023\/11\/received_681212464098838-768x445.jpeg 768w, https:\/\/vhundsport.se\/wp-content\/uploads\/2023\/11\/received_681212464098838.jpeg 1518w\" sizes=\"auto, (max-width: 1024px) 100vw, 1024px\" \/><\/figure>\n","protected":false},"excerpt":{"rendered":"<p>Nu pausas denna aktivitet tills v\u00e5rsolen tittar fram igen. Tack f\u00f6r alla som kommit och trotsat kyla, regn och sn\u00f6. V\u00e4lkomna \u00e5ter. Under tider f\u00f6r PAY AND JUMP g\u00e4ller drop in. En f\u00e4rdig kortare agilitybana finns uppst\u00e4lld p\u00e5 konstgr\u00e4sytan numrerad som sv\u00e5righet f\u00f6r \u00f6ppen klass (klass 1-2) samt som bl\u00e5b\u00e4r. [&hellip;]<\/p>\n","protected":false},"author":1,"featured_media":0,"parent":0,"menu_order":0,"comment_status":"closed","ping_status":"closed","template":"","meta":{"footnotes":""},"class_list":["post-142","page","type-page","status-publish","hentry"],"aioseo_notices":[],"_links":{"self":[{"href":"https:\/\/vhundsport.se\/index.php?rest_route=\/wp\/v2\/pages\/142","targetHints":{"allow":["GET"]}}],"collection":[{"href":"https:\/\/vhundsport.se\/index.php?rest_route=\/wp\/v2\/pages"}],"about":[{"href":"https:\/\/vhundsport.se\/index.php?rest_route=\/wp\/v2\/types\/page"}],"author":[{"embeddable":true,"href":"https:\/\/vhundsport.se\/index.php?rest_route=\/wp\/v2\/users\/1"}],"replies":[{"embeddable":true,"href":"https:\/\/vhundsport.se\/index.php?rest_route=%2Fwp%2Fv2%2Fcomments&post=142"}],"version-history":[{"count":5,"href":"https:\/\/vhundsport.se\/index.php?rest_route=\/wp\/v2\/pages\/142\/revisions"}],"predecessor-version":[{"id":326,"href":"https:\/\/vhundsport.se\/index.php?rest_route=\/wp\/v2\/pages\/142\/revisions\/326"}],"wp:attachment":[{"href":"https:\/\/vhundsport.se\/index.php?rest_route=%2Fwp%2Fv2%2Fmedia&parent=142"}],"curies":[{"name":"wp","href":"https:\/\/api.w.org\/{rel}","templated":true}]}}