{"id":152,"date":"2023-11-25T13:39:18","date_gmt":"2023-11-25T13:39:18","guid":{"rendered":"https:\/\/vhundsport.se\/?page_id=152"},"modified":"2023-11-25T13:39:18","modified_gmt":"2023-11-25T13:39:18","slug":"toalett","status":"publish","type":"page","link":"https:\/\/vhundsport.se\/?page_id=152","title":{"rendered":"Toalett"},"content":{"rendered":"\n<p>F\u00f6rn\u00e4rvarande \u00e4r tillg\u00e5ng till toalett \u00e4r begr\u00e4nsad. Man kan ringa eller knacka p\u00e5 boningshuset p\u00e5 andra sidan ladug\u00e5rden f\u00f6r l\u00e5n av toalett om vi \u00e4r hemma.<\/p>\n","protected":false},"excerpt":{"rendered":"<p>F\u00f6rn\u00e4rvarande \u00e4r tillg\u00e5ng till toalett \u00e4r begr\u00e4nsad. Man kan ringa eller knacka p\u00e5 boningshuset p\u00e5 andra sidan ladug\u00e5rden f\u00f6r l\u00e5n av toalett om vi \u00e4r hemma.<\/p>\n","protected":false},"author":1,"featured_media":0,"parent":0,"menu_order":0,"comment_status":"closed","ping_status":"closed","template":"","meta":{"footnotes":""},"class_list":["post-152","page","type-page","status-publish","hentry"],"aioseo_notices":[],"_links":{"self":[{"href":"https:\/\/vhundsport.se\/index.php?rest_route=\/wp\/v2\/pages\/152","targetHints":{"allow":["GET"]}}],"collection":[{"href":"https:\/\/vhundsport.se\/index.php?rest_route=\/wp\/v2\/pages"}],"about":[{"href":"https:\/\/vhundsport.se\/index.php?rest_route=\/wp\/v2\/types\/page"}],"author":[{"embeddable":true,"href":"https:\/\/vhundsport.se\/index.php?rest_route=\/wp\/v2\/users\/1"}],"replies":[{"embeddable":true,"href":"https:\/\/vhundsport.se\/index.php?rest_route=%2Fwp%2Fv2%2Fcomments&post=152"}],"version-history":[{"count":1,"href":"https:\/\/vhundsport.se\/index.php?rest_route=\/wp\/v2\/pages\/152\/revisions"}],"predecessor-version":[{"id":153,"href":"https:\/\/vhundsport.se\/index.php?rest_route=\/wp\/v2\/pages\/152\/revisions\/153"}],"wp:attachment":[{"href":"https:\/\/vhundsport.se\/index.php?rest_route=%2Fwp%2Fv2%2Fmedia&parent=152"}],"curies":[{"name":"wp","href":"https:\/\/api.w.org\/{rel}","templated":true}]}}