{"id":167,"date":"2023-11-25T14:36:24","date_gmt":"2023-11-25T14:36:24","guid":{"rendered":"https:\/\/vhundsport.se\/?page_id=167"},"modified":"2023-12-03T17:49:55","modified_gmt":"2023-12-03T17:49:55","slug":"pay-and-sniff","status":"publish","type":"page","link":"https:\/\/vhundsport.se\/?page_id=167","title":{"rendered":"NOSEWORK"},"content":{"rendered":"\n<p>Se vad som \u00e4r p\u00e5 g\u00e5ng i undermenyn<\/p>\n","protected":false},"excerpt":{"rendered":"<p>Se vad som \u00e4r p\u00e5 g\u00e5ng i undermenyn<\/p>\n","protected":false},"author":1,"featured_media":0,"parent":0,"menu_order":0,"comment_status":"closed","ping_status":"closed","template":"","meta":{"footnotes":""},"class_list":["post-167","page","type-page","status-publish","hentry"],"aioseo_notices":[],"_links":{"self":[{"href":"https:\/\/vhundsport.se\/index.php?rest_route=\/wp\/v2\/pages\/167","targetHints":{"allow":["GET"]}}],"collection":[{"href":"https:\/\/vhundsport.se\/index.php?rest_route=\/wp\/v2\/pages"}],"about":[{"href":"https:\/\/vhundsport.se\/index.php?rest_route=\/wp\/v2\/types\/page"}],"author":[{"embeddable":true,"href":"https:\/\/vhundsport.se\/index.php?rest_route=\/wp\/v2\/users\/1"}],"replies":[{"embeddable":true,"href":"https:\/\/vhundsport.se\/index.php?rest_route=%2Fwp%2Fv2%2Fcomments&post=167"}],"version-history":[{"count":4,"href":"https:\/\/vhundsport.se\/index.php?rest_route=\/wp\/v2\/pages\/167\/revisions"}],"predecessor-version":[{"id":317,"href":"https:\/\/vhundsport.se\/index.php?rest_route=\/wp\/v2\/pages\/167\/revisions\/317"}],"wp:attachment":[{"href":"https:\/\/vhundsport.se\/index.php?rest_route=%2Fwp%2Fv2%2Fmedia&parent=167"}],"curies":[{"name":"wp","href":"https:\/\/api.w.org\/{rel}","templated":true}]}}