{"id":212,"date":"2023-11-29T09:50:45","date_gmt":"2023-11-29T09:50:45","guid":{"rendered":"https:\/\/vhundsport.se\/?page_id=212"},"modified":"2024-01-03T16:59:25","modified_gmt":"2024-01-03T15:59:25","slug":"traningsytor","status":"publish","type":"page","link":"https:\/\/vhundsport.se\/?page_id=212","title":{"rendered":"Bokning av tr\u00e4ningsytor"},"content":{"rendered":"\n<p>D\u00e5 f\u00f6ruts\u00e4ttningarna finns kan bokning kan g\u00f6ras av:<\/p>\n\n\n\n<p><strong>Stallet<\/strong><\/p>\n\n\n\n<p><strong>Stallet + konstgr\u00e4syta<\/strong><\/p>\n\n\n\n<p><strong>Gr\u00e4splanen<\/strong><\/p>\n\n\n\n<p>Se separat beskrivning av tr\u00e4ningsytorna samt kostnader i undermenyn.<\/p>\n","protected":false},"excerpt":{"rendered":"<p>D\u00e5 f\u00f6ruts\u00e4ttningarna finns kan bokning kan g\u00f6ras av: Stallet Stallet + konstgr\u00e4syta Gr\u00e4splanen Se separat beskrivning av tr\u00e4ningsytorna samt kostnader i undermenyn.<\/p>\n","protected":false},"author":1,"featured_media":0,"parent":0,"menu_order":0,"comment_status":"closed","ping_status":"closed","template":"","meta":{"footnotes":""},"class_list":["post-212","page","type-page","status-publish","hentry"],"aioseo_notices":[],"_links":{"self":[{"href":"https:\/\/vhundsport.se\/index.php?rest_route=\/wp\/v2\/pages\/212","targetHints":{"allow":["GET"]}}],"collection":[{"href":"https:\/\/vhundsport.se\/index.php?rest_route=\/wp\/v2\/pages"}],"about":[{"href":"https:\/\/vhundsport.se\/index.php?rest_route=\/wp\/v2\/types\/page"}],"author":[{"embeddable":true,"href":"https:\/\/vhundsport.se\/index.php?rest_route=\/wp\/v2\/users\/1"}],"replies":[{"embeddable":true,"href":"https:\/\/vhundsport.se\/index.php?rest_route=%2Fwp%2Fv2%2Fcomments&post=212"}],"version-history":[{"count":5,"href":"https:\/\/vhundsport.se\/index.php?rest_route=\/wp\/v2\/pages\/212\/revisions"}],"predecessor-version":[{"id":463,"href":"https:\/\/vhundsport.se\/index.php?rest_route=\/wp\/v2\/pages\/212\/revisions\/463"}],"wp:attachment":[{"href":"https:\/\/vhundsport.se\/index.php?rest_route=%2Fwp%2Fv2%2Fmedia&parent=212"}],"curies":[{"name":"wp","href":"https:\/\/api.w.org\/{rel}","templated":true}]}}