{"id":215,"date":"2023-11-29T09:51:37","date_gmt":"2023-11-29T09:51:37","guid":{"rendered":"https:\/\/vhundsport.se\/?page_id=215"},"modified":"2025-09-01T22:45:32","modified_gmt":"2025-09-01T20:45:32","slug":"grasplan","status":"publish","type":"page","link":"https:\/\/vhundsport.se\/?page_id=215","title":{"rendered":"Gr\u00e4splan"},"content":{"rendered":"\n<p>Hej alla<br>Nu \u00f6ppnar jag upp f\u00f6r agilitytr\u00e4ning ONSDAGAR MED START 18\/6 p\u00e5 v\u00e5ra tv\u00e5 fina gr\u00e4splaner (se bilder) Vi k\u00f6r gemensam banvandring 18:30. Man kommer till tv\u00e5 f\u00e4rdiga banor av olika sv\u00e5righeter. Banerna \u00e4r p\u00e5 olika planer med staket mellan och runt om. Aktuella banor l\u00e4ggs ut p\u00e5 v\u00e5r facebookgrupp Vis\u00e4tter <a href=\"https:\/\/www.facebook.com\/share\/1BwXEjK5jD\/\">hundsport<\/a> samt i slutet p\u00e5 denna text.<\/p>\n\n\n\n<p>Kostnad \u00e4r 40 kr per ekipage + 20 f\u00f6r x-tra hund. Swishas till 0727359433 m\u00e4rk med vhundsport + dagens datum. Man tr\u00e4nar s\u00e5 l\u00e4nge man vill &#8211; dock l\u00e4ngst till 22. Vi b\u00f6rjar v 25 och forts\u00e4tter tills det blir m\u00f6rkt i h\u00f6st. Om man vill tr\u00e4na gratis vid ett tillf\u00e4lle kan man g\u00e4rna hj\u00e4lpa till med en en del saker vid det tillf\u00e4llet. Kontakta mig isf. Alla \u00e4r v\u00e4lkomna och man beh\u00f6ver inte anm\u00e4la sig &#8211; om intresset \u00e4r stort kan det bli aktuellt med ytterligare en kv\u00e4ll i veckan.<\/p>\n\n\n\n<p>V\u00e4lkomna \ud83e\udd29<\/p>\n\n\n\n<p>Hej<\/p>\n\n\n\n<p>h\u00e4r kommer banor till onsdag 3\/9. Det blir dom sista f\u00f6r denna s\u00e4song.<\/p>\n\n\n\n<p>V\u00e4lkomna<\/p>\n\n\n\n<figure class=\"wp-block-image size-large\"><img loading=\"lazy\" decoding=\"async\" width=\"461\" height=\"1024\" src=\"https:\/\/vhundsport.se\/wp-content\/uploads\/2025\/09\/1000013816-461x1024.jpg\" alt=\"\" class=\"wp-image-674\" srcset=\"https:\/\/vhundsport.se\/wp-content\/uploads\/2025\/09\/1000013816-461x1024.jpg 461w, https:\/\/vhundsport.se\/wp-content\/uploads\/2025\/09\/1000013816-135x300.jpg 135w, https:\/\/vhundsport.se\/wp-content\/uploads\/2025\/09\/1000013816-768x1707.jpg 768w, https:\/\/vhundsport.se\/wp-content\/uploads\/2025\/09\/1000013816-691x1536.jpg 691w, https:\/\/vhundsport.se\/wp-content\/uploads\/2025\/09\/1000013816-922x2048.jpg 922w, https:\/\/vhundsport.se\/wp-content\/uploads\/2025\/09\/1000013816.jpg 1080w\" sizes=\"auto, (max-width: 461px) 100vw, 461px\" \/><\/figure>\n\n\n\n<figure class=\"wp-block-image size-large\"><img loading=\"lazy\" decoding=\"async\" width=\"1024\" height=\"461\" src=\"https:\/\/vhundsport.se\/wp-content\/uploads\/2025\/09\/1000013817-1024x461.jpg\" alt=\"\" class=\"wp-image-673\" srcset=\"https:\/\/vhundsport.se\/wp-content\/uploads\/2025\/09\/1000013817-1024x461.jpg 1024w, https:\/\/vhundsport.se\/wp-content\/uploads\/2025\/09\/1000013817-300x135.jpg 300w, https:\/\/vhundsport.se\/wp-content\/uploads\/2025\/09\/1000013817-768x346.jpg 768w, https:\/\/vhundsport.se\/wp-content\/uploads\/2025\/09\/1000013817-1536x691.jpg 1536w, https:\/\/vhundsport.se\/wp-content\/uploads\/2025\/09\/1000013817-2048x922.jpg 2048w\" sizes=\"auto, (max-width: 1024px) 100vw, 1024px\" \/><\/figure>\n\n\n\n<p>Hej<\/p>\n\n\n\n<p>H\u00e4r kommer banor till onsdag 27\/8. Den p\u00e5 bilden st\u00e5r p\u00e5 stora plan och p\u00e5 den mindre st\u00e5r en bana i en 8:a (ingen banskiss) som \u00e4r bra f\u00f6r tr\u00e4ning av olika byten.<\/p>\n\n\n\n<p>V\u00e4lkomna \ud83d\ude03\ud83d\ude03<\/p>\n\n\n\n<figure class=\"wp-block-image size-large\"><img loading=\"lazy\" decoding=\"async\" width=\"1024\" height=\"461\" src=\"https:\/\/vhundsport.se\/wp-content\/uploads\/2025\/08\/1000013776-1024x461.jpg\" alt=\"\" class=\"wp-image-670\" srcset=\"https:\/\/vhundsport.se\/wp-content\/uploads\/2025\/08\/1000013776-1024x461.jpg 1024w, https:\/\/vhundsport.se\/wp-content\/uploads\/2025\/08\/1000013776-300x135.jpg 300w, https:\/\/vhundsport.se\/wp-content\/uploads\/2025\/08\/1000013776-768x346.jpg 768w, https:\/\/vhundsport.se\/wp-content\/uploads\/2025\/08\/1000013776-1536x691.jpg 1536w, https:\/\/vhundsport.se\/wp-content\/uploads\/2025\/08\/1000013776-2048x922.jpg 2048w\" sizes=\"auto, (max-width: 1024px) 100vw, 1024px\" \/><\/figure>\n\n\n\n<p>Banor till onsdag 20\/8<\/p>\n\n\n\n<figure class=\"wp-block-image size-large\"><img loading=\"lazy\" decoding=\"async\" width=\"1024\" height=\"596\" src=\"https:\/\/vhundsport.se\/wp-content\/uploads\/2025\/08\/1000013701-1024x596.jpg\" alt=\"\" class=\"wp-image-666\" srcset=\"https:\/\/vhundsport.se\/wp-content\/uploads\/2025\/08\/1000013701-1024x596.jpg 1024w, https:\/\/vhundsport.se\/wp-content\/uploads\/2025\/08\/1000013701-300x175.jpg 300w, https:\/\/vhundsport.se\/wp-content\/uploads\/2025\/08\/1000013701-768x447.jpg 768w, https:\/\/vhundsport.se\/wp-content\/uploads\/2025\/08\/1000013701-1536x895.jpg 1536w, https:\/\/vhundsport.se\/wp-content\/uploads\/2025\/08\/1000013701.jpg 1818w\" sizes=\"auto, (max-width: 1024px) 100vw, 1024px\" \/><\/figure>\n\n\n\n<figure class=\"wp-block-image size-large\"><img loading=\"lazy\" decoding=\"async\" width=\"1024\" height=\"596\" src=\"https:\/\/vhundsport.se\/wp-content\/uploads\/2025\/08\/1000013702-1024x596.jpg\" alt=\"\" class=\"wp-image-665\" srcset=\"https:\/\/vhundsport.se\/wp-content\/uploads\/2025\/08\/1000013702-1024x596.jpg 1024w, https:\/\/vhundsport.se\/wp-content\/uploads\/2025\/08\/1000013702-300x175.jpg 300w, https:\/\/vhundsport.se\/wp-content\/uploads\/2025\/08\/1000013702-768x447.jpg 768w, https:\/\/vhundsport.se\/wp-content\/uploads\/2025\/08\/1000013702-1536x895.jpg 1536w, https:\/\/vhundsport.se\/wp-content\/uploads\/2025\/08\/1000013702.jpg 1818w\" sizes=\"auto, (max-width: 1024px) 100vw, 1024px\" \/><\/figure>\n\n\n\n<p>Banor till onsdag 13\/8<\/p>\n\n\n\n<figure class=\"wp-block-image size-large\"><img loading=\"lazy\" decoding=\"async\" width=\"1024\" height=\"500\" src=\"https:\/\/vhundsport.se\/wp-content\/uploads\/2025\/08\/1000013588-1024x500.jpg\" alt=\"\" class=\"wp-image-663\" srcset=\"https:\/\/vhundsport.se\/wp-content\/uploads\/2025\/08\/1000013588-1024x500.jpg 1024w, https:\/\/vhundsport.se\/wp-content\/uploads\/2025\/08\/1000013588-300x146.jpg 300w, https:\/\/vhundsport.se\/wp-content\/uploads\/2025\/08\/1000013588-768x375.jpg 768w, https:\/\/vhundsport.se\/wp-content\/uploads\/2025\/08\/1000013588-1536x749.jpg 1536w, https:\/\/vhundsport.se\/wp-content\/uploads\/2025\/08\/1000013588.jpg 2048w\" sizes=\"auto, (max-width: 1024px) 100vw, 1024px\" \/><\/figure>\n\n\n\n<figure class=\"wp-block-image size-large\"><img loading=\"lazy\" decoding=\"async\" width=\"1024\" height=\"815\" src=\"https:\/\/vhundsport.se\/wp-content\/uploads\/2025\/08\/1000013589-1024x815.jpg\" alt=\"\" class=\"wp-image-661\" srcset=\"https:\/\/vhundsport.se\/wp-content\/uploads\/2025\/08\/1000013589-1024x815.jpg 1024w, https:\/\/vhundsport.se\/wp-content\/uploads\/2025\/08\/1000013589-300x239.jpg 300w, https:\/\/vhundsport.se\/wp-content\/uploads\/2025\/08\/1000013589-768x611.jpg 768w, https:\/\/vhundsport.se\/wp-content\/uploads\/2025\/08\/1000013589-1536x1222.jpg 1536w, https:\/\/vhundsport.se\/wp-content\/uploads\/2025\/08\/1000013589.jpg 2048w\" sizes=\"auto, (max-width: 1024px) 100vw, 1024px\" \/><\/figure>\n\n\n\n<p>Banor onsdag 6\/8<\/p>\n\n\n\n<figure class=\"wp-block-image size-large\"><img loading=\"lazy\" decoding=\"async\" width=\"1024\" height=\"573\" src=\"https:\/\/vhundsport.se\/wp-content\/uploads\/2025\/08\/1000013540-1024x573.jpg\" alt=\"\" class=\"wp-image-658\" srcset=\"https:\/\/vhundsport.se\/wp-content\/uploads\/2025\/08\/1000013540-1024x573.jpg 1024w, https:\/\/vhundsport.se\/wp-content\/uploads\/2025\/08\/1000013540-300x168.jpg 300w, https:\/\/vhundsport.se\/wp-content\/uploads\/2025\/08\/1000013540-768x429.jpg 768w, https:\/\/vhundsport.se\/wp-content\/uploads\/2025\/08\/1000013540-1536x859.jpg 1536w, https:\/\/vhundsport.se\/wp-content\/uploads\/2025\/08\/1000013540.jpg 2048w\" sizes=\"auto, (max-width: 1024px) 100vw, 1024px\" \/><\/figure>\n\n\n\n<figure class=\"wp-block-image size-large\"><img loading=\"lazy\" decoding=\"async\" width=\"1024\" height=\"500\" src=\"https:\/\/vhundsport.se\/wp-content\/uploads\/2025\/08\/1000013541-1024x500.jpg\" alt=\"\" class=\"wp-image-657\" srcset=\"https:\/\/vhundsport.se\/wp-content\/uploads\/2025\/08\/1000013541-1024x500.jpg 1024w, https:\/\/vhundsport.se\/wp-content\/uploads\/2025\/08\/1000013541-300x146.jpg 300w, https:\/\/vhundsport.se\/wp-content\/uploads\/2025\/08\/1000013541-768x375.jpg 768w, https:\/\/vhundsport.se\/wp-content\/uploads\/2025\/08\/1000013541-1536x749.jpg 1536w, https:\/\/vhundsport.se\/wp-content\/uploads\/2025\/08\/1000013541.jpg 2048w\" sizes=\"auto, (max-width: 1024px) 100vw, 1024px\" \/><\/figure>\n\n\n\n<p>Banor onsdag 30\/7<\/p>\n\n\n\n<figure class=\"wp-block-image size-large\"><img loading=\"lazy\" decoding=\"async\" width=\"1024\" height=\"500\" src=\"https:\/\/vhundsport.se\/wp-content\/uploads\/2025\/07\/1000013485-1024x500.jpg\" alt=\"\" class=\"wp-image-655\" srcset=\"https:\/\/vhundsport.se\/wp-content\/uploads\/2025\/07\/1000013485-1024x500.jpg 1024w, https:\/\/vhundsport.se\/wp-content\/uploads\/2025\/07\/1000013485-300x146.jpg 300w, https:\/\/vhundsport.se\/wp-content\/uploads\/2025\/07\/1000013485-768x375.jpg 768w, https:\/\/vhundsport.se\/wp-content\/uploads\/2025\/07\/1000013485-1536x749.jpg 1536w, https:\/\/vhundsport.se\/wp-content\/uploads\/2025\/07\/1000013485.jpg 2048w\" sizes=\"auto, (max-width: 1024px) 100vw, 1024px\" \/><\/figure>\n\n\n\n<figure class=\"wp-block-image size-large\"><img loading=\"lazy\" decoding=\"async\" width=\"1024\" height=\"815\" src=\"https:\/\/vhundsport.se\/wp-content\/uploads\/2025\/07\/1000013486-1024x815.jpg\" alt=\"\" class=\"wp-image-654\" srcset=\"https:\/\/vhundsport.se\/wp-content\/uploads\/2025\/07\/1000013486-1024x815.jpg 1024w, https:\/\/vhundsport.se\/wp-content\/uploads\/2025\/07\/1000013486-300x239.jpg 300w, https:\/\/vhundsport.se\/wp-content\/uploads\/2025\/07\/1000013486-768x611.jpg 768w, https:\/\/vhundsport.se\/wp-content\/uploads\/2025\/07\/1000013486-1536x1222.jpg 1536w, https:\/\/vhundsport.se\/wp-content\/uploads\/2025\/07\/1000013486.jpg 2048w\" sizes=\"auto, (max-width: 1024px) 100vw, 1024px\" \/><\/figure>\n\n\n\n<p>Banor onsdag 16\/7-25. Det kommer finnas en bl\u00e5b\u00e4rsbana samt en agility klass 2 bana.<\/p>\n\n\n\n<figure class=\"wp-block-image size-large\"><img loading=\"lazy\" decoding=\"async\" width=\"1024\" height=\"573\" src=\"https:\/\/vhundsport.se\/wp-content\/uploads\/2025\/07\/1000013335-1024x573.jpg\" alt=\"\" class=\"wp-image-649\" srcset=\"https:\/\/vhundsport.se\/wp-content\/uploads\/2025\/07\/1000013335-1024x573.jpg 1024w, https:\/\/vhundsport.se\/wp-content\/uploads\/2025\/07\/1000013335-300x168.jpg 300w, https:\/\/vhundsport.se\/wp-content\/uploads\/2025\/07\/1000013335-768x429.jpg 768w, https:\/\/vhundsport.se\/wp-content\/uploads\/2025\/07\/1000013335-1536x859.jpg 1536w, https:\/\/vhundsport.se\/wp-content\/uploads\/2025\/07\/1000013335.jpg 2048w\" sizes=\"auto, (max-width: 1024px) 100vw, 1024px\" \/><\/figure>\n\n\n\n<figure class=\"wp-block-image size-large\"><img loading=\"lazy\" decoding=\"async\" width=\"1024\" height=\"573\" src=\"https:\/\/vhundsport.se\/wp-content\/uploads\/2025\/07\/1000013334-1024x573.jpg\" alt=\"\" class=\"wp-image-647\" srcset=\"https:\/\/vhundsport.se\/wp-content\/uploads\/2025\/07\/1000013334-1024x573.jpg 1024w, https:\/\/vhundsport.se\/wp-content\/uploads\/2025\/07\/1000013334-300x168.jpg 300w, https:\/\/vhundsport.se\/wp-content\/uploads\/2025\/07\/1000013334-768x429.jpg 768w, https:\/\/vhundsport.se\/wp-content\/uploads\/2025\/07\/1000013334-1536x859.jpg 1536w, https:\/\/vhundsport.se\/wp-content\/uploads\/2025\/07\/1000013334.jpg 2048w\" sizes=\"auto, (max-width: 1024px) 100vw, 1024px\" \/><\/figure>\n\n\n\n<p>Banor onsdag 9\/7-25. Det kommer finnas en bl\u00e5b\u00e4rsbana samt en agility klass 2 bana.<\/p>\n\n\n\n<figure class=\"wp-block-image size-large\"><img loading=\"lazy\" decoding=\"async\" width=\"1024\" height=\"573\" src=\"https:\/\/vhundsport.se\/wp-content\/uploads\/2025\/07\/1000013008-1024x573.jpg\" alt=\"\" class=\"wp-image-624\" srcset=\"https:\/\/vhundsport.se\/wp-content\/uploads\/2025\/07\/1000013008-1024x573.jpg 1024w, https:\/\/vhundsport.se\/wp-content\/uploads\/2025\/07\/1000013008-300x168.jpg 300w, https:\/\/vhundsport.se\/wp-content\/uploads\/2025\/07\/1000013008-768x429.jpg 768w, https:\/\/vhundsport.se\/wp-content\/uploads\/2025\/07\/1000013008-1536x859.jpg 1536w, https:\/\/vhundsport.se\/wp-content\/uploads\/2025\/07\/1000013008.jpg 2048w\" sizes=\"auto, (max-width: 1024px) 100vw, 1024px\" \/><\/figure>\n\n\n\n<figure class=\"wp-block-image size-large\"><img loading=\"lazy\" decoding=\"async\" width=\"1024\" height=\"573\" src=\"https:\/\/vhundsport.se\/wp-content\/uploads\/2025\/07\/1000013022-1024x573.png\" alt=\"\" class=\"wp-image-628\" srcset=\"https:\/\/vhundsport.se\/wp-content\/uploads\/2025\/07\/1000013022-1024x573.png 1024w, https:\/\/vhundsport.se\/wp-content\/uploads\/2025\/07\/1000013022-300x168.png 300w, https:\/\/vhundsport.se\/wp-content\/uploads\/2025\/07\/1000013022-768x429.png 768w, https:\/\/vhundsport.se\/wp-content\/uploads\/2025\/07\/1000013022-1536x859.png 1536w, https:\/\/vhundsport.se\/wp-content\/uploads\/2025\/07\/1000013022-2048x1145.png 2048w\" sizes=\"auto, (max-width: 1024px) 100vw, 1024px\" \/><\/figure>\n\n\n\n<p>Bana onsdag 2\/7<\/p>\n\n\n\n<figure class=\"wp-block-image size-large\"><img loading=\"lazy\" decoding=\"async\" width=\"461\" height=\"1024\" src=\"https:\/\/vhundsport.se\/wp-content\/uploads\/2025\/07\/1000012945-461x1024.jpg\" alt=\"\" class=\"wp-image-612\" srcset=\"https:\/\/vhundsport.se\/wp-content\/uploads\/2025\/07\/1000012945-461x1024.jpg 461w, https:\/\/vhundsport.se\/wp-content\/uploads\/2025\/07\/1000012945-135x300.jpg 135w, https:\/\/vhundsport.se\/wp-content\/uploads\/2025\/07\/1000012945-768x1707.jpg 768w, https:\/\/vhundsport.se\/wp-content\/uploads\/2025\/07\/1000012945-691x1536.jpg 691w, https:\/\/vhundsport.se\/wp-content\/uploads\/2025\/07\/1000012945-922x2048.jpg 922w, https:\/\/vhundsport.se\/wp-content\/uploads\/2025\/07\/1000012945.jpg 1080w\" sizes=\"auto, (max-width: 461px) 100vw, 461px\" \/><\/figure>\n\n\n\n<figure class=\"wp-block-image size-large\"><img loading=\"lazy\" decoding=\"async\" width=\"1024\" height=\"461\" src=\"https:\/\/vhundsport.se\/wp-content\/uploads\/2025\/06\/1000012676-1024x461.jpg\" alt=\"\" class=\"wp-image-608\" srcset=\"https:\/\/vhundsport.se\/wp-content\/uploads\/2025\/06\/1000012676-1024x461.jpg 1024w, https:\/\/vhundsport.se\/wp-content\/uploads\/2025\/06\/1000012676-300x135.jpg 300w, https:\/\/vhundsport.se\/wp-content\/uploads\/2025\/06\/1000012676-768x346.jpg 768w, https:\/\/vhundsport.se\/wp-content\/uploads\/2025\/06\/1000012676-1536x692.jpg 1536w, https:\/\/vhundsport.se\/wp-content\/uploads\/2025\/06\/1000012676-2048x922.jpg 2048w\" sizes=\"auto, (max-width: 1024px) 100vw, 1024px\" \/><\/figure>\n\n\n\n<figure class=\"wp-block-image size-large\"><img loading=\"lazy\" decoding=\"async\" width=\"1024\" height=\"461\" src=\"https:\/\/vhundsport.se\/wp-content\/uploads\/2025\/06\/1000012677-1024x461.jpg\" alt=\"\" class=\"wp-image-607\" srcset=\"https:\/\/vhundsport.se\/wp-content\/uploads\/2025\/06\/1000012677-1024x461.jpg 1024w, https:\/\/vhundsport.se\/wp-content\/uploads\/2025\/06\/1000012677-300x135.jpg 300w, https:\/\/vhundsport.se\/wp-content\/uploads\/2025\/06\/1000012677-768x346.jpg 768w, https:\/\/vhundsport.se\/wp-content\/uploads\/2025\/06\/1000012677-1536x692.jpg 1536w, https:\/\/vhundsport.se\/wp-content\/uploads\/2025\/06\/1000012677-2048x922.jpg 2048w\" sizes=\"auto, (max-width: 1024px) 100vw, 1024px\" \/><\/figure>\n\n\n\n<figure class=\"wp-block-image size-full\"><img loading=\"lazy\" decoding=\"async\" width=\"960\" height=\"540\" src=\"https:\/\/vhundsport.se\/wp-content\/uploads\/2024\/01\/Grasytan-1.jpg\" alt=\"\" class=\"wp-image-469\" srcset=\"https:\/\/vhundsport.se\/wp-content\/uploads\/2024\/01\/Grasytan-1.jpg 960w, https:\/\/vhundsport.se\/wp-content\/uploads\/2024\/01\/Grasytan-1-300x169.jpg 300w, https:\/\/vhundsport.se\/wp-content\/uploads\/2024\/01\/Grasytan-1-768x432.jpg 768w\" sizes=\"auto, (max-width: 960px) 100vw, 960px\" \/><\/figure>\n","protected":false},"excerpt":{"rendered":"<p>Hej allaNu \u00f6ppnar jag upp f\u00f6r agilitytr\u00e4ning ONSDAGAR MED START 18\/6 p\u00e5 v\u00e5ra tv\u00e5 fina gr\u00e4splaner (se bilder) Vi k\u00f6r gemensam banvandring 18:30. Man kommer till tv\u00e5 f\u00e4rdiga banor av olika sv\u00e5righeter. Banerna \u00e4r p\u00e5 olika planer med staket mellan och runt om. Aktuella banor l\u00e4ggs ut p\u00e5 v\u00e5r facebookgrupp [&hellip;]<\/p>\n","protected":false},"author":1,"featured_media":0,"parent":0,"menu_order":0,"comment_status":"closed","ping_status":"closed","template":"","meta":{"footnotes":""},"class_list":["post-215","page","type-page","status-publish","hentry"],"aioseo_notices":[],"_links":{"self":[{"href":"https:\/\/vhundsport.se\/index.php?rest_route=\/wp\/v2\/pages\/215","targetHints":{"allow":["GET"]}}],"collection":[{"href":"https:\/\/vhundsport.se\/index.php?rest_route=\/wp\/v2\/pages"}],"about":[{"href":"https:\/\/vhundsport.se\/index.php?rest_route=\/wp\/v2\/types\/page"}],"author":[{"embeddable":true,"href":"https:\/\/vhundsport.se\/index.php?rest_route=\/wp\/v2\/users\/1"}],"replies":[{"embeddable":true,"href":"https:\/\/vhundsport.se\/index.php?rest_route=%2Fwp%2Fv2%2Fcomments&post=215"}],"version-history":[{"count":20,"href":"https:\/\/vhundsport.se\/index.php?rest_route=\/wp\/v2\/pages\/215\/revisions"}],"predecessor-version":[{"id":675,"href":"https:\/\/vhundsport.se\/index.php?rest_route=\/wp\/v2\/pages\/215\/revisions\/675"}],"wp:attachment":[{"href":"https:\/\/vhundsport.se\/index.php?rest_route=%2Fwp%2Fv2%2Fmedia&parent=215"}],"curies":[{"name":"wp","href":"https:\/\/api.w.org\/{rel}","templated":true}]}}