{"id":218,"date":"2023-11-29T09:52:26","date_gmt":"2023-11-29T09:52:26","guid":{"rendered":"https:\/\/vhundsport.se\/?page_id=218"},"modified":"2025-07-12T10:02:14","modified_gmt":"2025-07-12T08:02:14","slug":"stallet","status":"publish","type":"page","link":"https:\/\/vhundsport.se\/?page_id=218","title":{"rendered":"Stallet"},"content":{"rendered":"\n<p><strong>I stallet<\/strong> finns utrustning och utrymme f\u00f6r ett flertal olika hundsporter som grundtr\u00e4ning i agility, nosework\/specials\u00f6k, rallylydnad och balansboll (se mer detaljer om detta h\u00e4r: <a data-type=\"page\" data-id=\"332\" href=\"https:\/\/vhundsport.se\/?page_id=332\">Utrusning f\u00f6r hundtr\u00e4ning<\/a>)<\/p>\n\n\n\n<p><strong>P\u00e5 konstr\u00e4sytan<\/strong> kommer det att bli en inomhushall. D\u00e4rf\u00f6r \u00e4r denna yta inte l\u00e4ngre bokningsbar. F\u00f6lj projektet med hallbygge <a href=\"https:\/\/vhundsport.se\/?page_id=133\" title=\"\">h\u00e4r<\/a>.<\/p>\n\n\n\n<p><strong>Kostnad hyra stall: <\/strong>40 kr per ekipage (person + hund\/hundar) f\u00f6r en timma.<\/p>\n\n\n\n<p>F\u00f6ljande film visar en \u00f6versikt \u00f6ver ytan i stallet &#8211; <strong>instruktioner<\/strong> f\u00f6r <strong>bokning<\/strong> finns l\u00e4ngre ner p\u00e5 sidan. <\/p>\n\n\n\n<figure class=\"wp-block-embed is-type-video is-provider-youtube wp-block-embed-youtube wp-embed-aspect-16-9 wp-has-aspect-ratio\"><div class=\"wp-block-embed__wrapper\">\n<iframe loading=\"lazy\" title=\"Film p\u00e5 stallet -  Vis\u00e4tter Hundsport\" width=\"750\" height=\"422\" src=\"https:\/\/www.youtube.com\/embed\/NXO7vtfGWRY?feature=oembed\" frameborder=\"0\" allow=\"accelerometer; autoplay; clipboard-write; encrypted-media; gyroscope; picture-in-picture; web-share\" referrerpolicy=\"strict-origin-when-cross-origin\" allowfullscreen><\/iframe>\n<\/div><\/figure>\n\n\n\n<p>F\u00f6lj nedanst\u00e5ende punkter f\u00f6r bokning:<\/p>\n\n\n\n<ol class=\"wp-block-list\">\n<li>G\u00e5 in i kalendern <a href=\"https:\/\/vhundsport.se\/?page_id=374\"><strong>Bokning<\/strong><\/a> och boka en tid <\/li>\n\n\n\n<li>Skriv i rutan f\u00f6r <strong>detaljer<\/strong> namn p\u00e5 eventuella <strong>medtr\u00e4nare<\/strong>.<\/li>\n\n\n\n<li>Endast <strong>hela timmar<\/strong> kan bokas.<\/li>\n\n\n\n<li>Du f\u00e5r ett <strong>mail<\/strong> att din bokning reserveras.<\/li>\n\n\n\n<li>Ett <strong>ytterligare<\/strong> <strong>mail<\/strong> bekr\u00e4ftar att din bokning godk\u00e4nts (du beh\u00f6ver inte v\u00e4nta p\u00e5 detta utan din tid \u00e4r bokad d\u00e5 du f\u00e5r ditt f\u00f6rsta mail).<\/li>\n\n\n\n<li>Tiden kan <strong>avbokas<\/strong> tv\u00e5 timmar innan anv\u00e4ndning &#8211; skicka ett mail till <strong>vhundsport@vhundsport.se<\/strong><\/li>\n\n\n\n<li><strong>Swisha<\/strong> betalning till 0727359433 och m\u00e4rk betalningen med <strong>vhundsport<\/strong> + <strong>boknings id<\/strong>.<\/li>\n\n\n\n<li>Vid f\u00f6rsta bes\u00f6ket <strong>visar jag er g\u00e4rna<\/strong>, d\u00e5 beh\u00f6ver vi komma \u00f6verens om en tid &#8211; meddela mig p\u00e5 messenger, via sms p\u00e5 0727359433 eller per e-post: brorsson.anki@gmail.com<\/li>\n<\/ol>\n\n\n\n<p><strong>\u00d6vrig (och viktig) information:<\/strong><\/p>\n\n\n\n<ul class=\"wp-block-list\">\n<li><strong>Undvik<\/strong> att <strong>rasta<\/strong> era <strong>hundar<\/strong> p\u00e5 g\u00e5rden <strong>framf\u00f6r huset<\/strong> eller l\u00e4ngst <strong>Vis\u00e4tterv\u00e4gen<\/strong> pga att v\u00e5ra hundar har sin rastg\u00e5rd \u00e5t det h\u00e5llet. <strong>Hundar<\/strong> kan <strong>rastas<\/strong> p\u00e5 <strong>v\u00e4gen bakom ladug\u00e5rden<\/strong> och l\u00e4ngst <strong>grusv\u00e4gen<\/strong> mot <strong>H\u00f6rna<\/strong>.<\/li>\n\n\n\n<li><strong>Bajsp\u00e5sar<\/strong> kan sl\u00e4ngas i v\u00e5r gr\u00f6na soptunna.<\/li>\n\n\n\n<li>Inga begr\u00e4nsningar finns p\u00e5 hur <strong>stora grupper<\/strong> som kan boka men fler \u00e4n sex ekipage rekommenderas inte d\u00e5 det blir tr\u00e5ngt i stallet.<\/li>\n\n\n\n<li><strong>Ingen uppv\u00e4rmning<\/strong> finns i stallet\/konstgr\u00e4sytan.<\/li>\n\n\n\n<li>Ha alltid med en <strong>ficklampa<\/strong> d\u00e5 det \u00e4r m\u00f6rkt ute p\u00e5 landet.<\/li>\n\n\n\n<li><strong>Vatten<\/strong> finns i stallet direkt till v\u00e4nster d\u00e5 man kommit in i gamla mj\u00f6lkrummet.<\/li>\n\n\n\n<li><strong>L\u00f6ptikar<\/strong> skall ha l\u00f6pskydd under vistelse i stallet (ej ett krav utanf\u00f6r).<\/li>\n\n\n\n<li>Vid <strong>kissolyckor <\/strong>&#8211; anv\u00e4nd hink med skurtrasa som finns i mj\u00f6lkrummet. Spruta med reng\u00f6ringsmedel (st\u00e5r i hinken) och f\u00f6rs\u00f6k att torka upp s\u00e5 gott det g\u00e5r.<\/li>\n\n\n\n<li><strong>Soptunnan<\/strong> i stallet f\u00e5r inte anv\u00e4ndas till mat- eller godisrester, ej eller till hydrolatrester eller till hundbajs.<\/li>\n\n\n\n<li><strong>Ingen toalett<\/strong> finns f\u00f6r n\u00e4rvarande men vi jobbar p\u00e5 detta. Om n\u00f6den blir f\u00f6r stor kan man knacka p\u00e5   v\u00e5rt hus.<\/li>\n\n\n\n<li><strong>Adressen \u00e4r<\/strong>: Vis\u00e4tter Mellang\u00e5rd 1, 583 94 Nykil. Fr\u00e5n Nykil, f\u00f6lj Vis\u00e4tterv\u00e4gen i ca 2 km tills du kommer till en skylt d\u00e4r det st\u00e5r H\u00f6rna mot v\u00e4nster. K\u00f6r rakt fram f\u00f6rbi skylten och sv\u00e4ng f\u00f6rsta avfart till v\u00e4nster s\u00e5 \u00e4r ni framme p\u00e5 g\u00e5rden. Stallet ser ni p\u00e5 v\u00e4nster sida.<\/li>\n\n\n\n<li><strong>Parkera<\/strong> utanf\u00f6r stallet &#8211; g\u00e4rna mot kanin\/h\u00f6nsburen.<\/li>\n\n\n\n<li><strong>D\u00f6rren <\/strong>till stallet \u00e4r den svarta d\u00f6rren l\u00e4ngs upp mot v\u00e4gen. Den \u00e4r lite tr\u00f6g att \u00f6ppna &#8211; man f\u00e5r vrida p\u00e5 d\u00f6rrhandtaget och dra lite best\u00e4mt ut\u00e5t. Samma man\u00f6ver g\u00e4ller f\u00f6r att st\u00e4nga d\u00f6rren.<\/li>\n\n\n\n<li><strong>D\u00f6rren<\/strong> rakt fram genom stallet g\u00e5r ut till <strong>konstgr\u00e4sytan<\/strong>.<\/li>\n\n\n\n<li>Om det uppst\u00e5r <strong>problem<\/strong> eller fr\u00e5gor ring 0727359433.<\/li>\n\n\n\n<li>Knapp f\u00f6r att t\u00e4nda <strong>lyset i stallet<\/strong> finns till h\u00f6ger innanf\u00f6r d\u00f6rren &#8211; se inringad knapp p\u00e5 bild nedan.<\/li>\n\n\n\n<li>Knapp f\u00f6r att t\u00e4nda <strong>lyset <\/strong>till <strong>konstgr\u00e4sytan<\/strong> finns uppm\u00e4rkt n\u00e4rmare d\u00f6rren.<\/li>\n<\/ul>\n\n\n\n<figure class=\"wp-block-gallery has-nested-images columns-default is-cropped wp-block-gallery-1 is-layout-flex wp-block-gallery-is-layout-flex\">\n<figure class=\"wp-block-image size-large\"><img loading=\"lazy\" decoding=\"async\" width=\"1024\" height=\"461\" data-id=\"381\" src=\"https:\/\/vhundsport.se\/wp-content\/uploads\/2023\/12\/Lyse-i-stallet-1024x461.jpg\" alt=\"\" class=\"wp-image-381\" srcset=\"https:\/\/vhundsport.se\/wp-content\/uploads\/2023\/12\/Lyse-i-stallet-1024x461.jpg 1024w, https:\/\/vhundsport.se\/wp-content\/uploads\/2023\/12\/Lyse-i-stallet-300x135.jpg 300w, https:\/\/vhundsport.se\/wp-content\/uploads\/2023\/12\/Lyse-i-stallet-768x346.jpg 768w, https:\/\/vhundsport.se\/wp-content\/uploads\/2023\/12\/Lyse-i-stallet-1536x692.jpg 1536w, https:\/\/vhundsport.se\/wp-content\/uploads\/2023\/12\/Lyse-i-stallet.jpg 2016w\" sizes=\"auto, (max-width: 1024px) 100vw, 1024px\" \/><\/figure>\n<\/figure>\n\n\n\n<hr class=\"wp-block-separator has-alpha-channel-opacity\"\/>\n\n\n\n<figure class=\"wp-block-image size-large\"><img loading=\"lazy\" decoding=\"async\" width=\"461\" height=\"1024\" src=\"https:\/\/vhundsport.se\/wp-content\/uploads\/2024\/12\/20241223_120619-461x1024.jpg\" alt=\"\" class=\"wp-image-576\" srcset=\"https:\/\/vhundsport.se\/wp-content\/uploads\/2024\/12\/20241223_120619-461x1024.jpg 461w, https:\/\/vhundsport.se\/wp-content\/uploads\/2024\/12\/20241223_120619-135x300.jpg 135w, https:\/\/vhundsport.se\/wp-content\/uploads\/2024\/12\/20241223_120619-768x1705.jpg 768w, https:\/\/vhundsport.se\/wp-content\/uploads\/2024\/12\/20241223_120619-692x1536.jpg 692w, https:\/\/vhundsport.se\/wp-content\/uploads\/2024\/12\/20241223_120619-922x2048.jpg 922w, https:\/\/vhundsport.se\/wp-content\/uploads\/2024\/12\/20241223_120619-scaled.jpg 1153w\" sizes=\"auto, (max-width: 461px) 100vw, 461px\" \/><\/figure>\n","protected":false},"excerpt":{"rendered":"<p>I stallet finns utrustning och utrymme f\u00f6r ett flertal olika hundsporter som grundtr\u00e4ning i agility, nosework\/specials\u00f6k, rallylydnad och balansboll (se mer detaljer om detta h\u00e4r: Utrusning f\u00f6r hundtr\u00e4ning) P\u00e5 konstr\u00e4sytan kommer det att bli en inomhushall. D\u00e4rf\u00f6r \u00e4r denna yta inte l\u00e4ngre bokningsbar. F\u00f6lj projektet med hallbygge h\u00e4r. Kostnad hyra [&hellip;]<\/p>\n","protected":false},"author":1,"featured_media":0,"parent":0,"menu_order":0,"comment_status":"closed","ping_status":"closed","template":"","meta":{"footnotes":""},"class_list":["post-218","page","type-page","status-publish","hentry"],"aioseo_notices":[],"_links":{"self":[{"href":"https:\/\/vhundsport.se\/index.php?rest_route=\/wp\/v2\/pages\/218","targetHints":{"allow":["GET"]}}],"collection":[{"href":"https:\/\/vhundsport.se\/index.php?rest_route=\/wp\/v2\/pages"}],"about":[{"href":"https:\/\/vhundsport.se\/index.php?rest_route=\/wp\/v2\/types\/page"}],"author":[{"embeddable":true,"href":"https:\/\/vhundsport.se\/index.php?rest_route=\/wp\/v2\/users\/1"}],"replies":[{"embeddable":true,"href":"https:\/\/vhundsport.se\/index.php?rest_route=%2Fwp%2Fv2%2Fcomments&post=218"}],"version-history":[{"count":41,"href":"https:\/\/vhundsport.se\/index.php?rest_route=\/wp\/v2\/pages\/218\/revisions"}],"predecessor-version":[{"id":644,"href":"https:\/\/vhundsport.se\/index.php?rest_route=\/wp\/v2\/pages\/218\/revisions\/644"}],"wp:attachment":[{"href":"https:\/\/vhundsport.se\/index.php?rest_route=%2Fwp%2Fv2%2Fmedia&parent=218"}],"curies":[{"name":"wp","href":"https:\/\/api.w.org\/{rel}","templated":true}]}}