{"id":225,"date":"2023-11-29T10:11:53","date_gmt":"2023-11-29T10:11:53","guid":{"rendered":"https:\/\/vhundsport.se\/?page_id=225"},"modified":"2024-12-30T09:44:42","modified_gmt":"2024-12-30T08:44:42","slug":"om-oss","status":"publish","type":"page","link":"https:\/\/vhundsport.se\/?page_id=225","title":{"rendered":"Om oss"},"content":{"rendered":"\n<p>P\u00e5 Vis\u00e4tter Mellang\u00e5rd 1 bor jag, Ann-Christin (Anki) Brorsson, tillsammans med min man Peter Brorsson samt v\u00e5ra tv\u00e5 vuxna barn som flyttat lite fram och tillbaka till g\u00e5rden. <\/p>\n\n\n\n<figure class=\"wp-block-image size-large\"><img loading=\"lazy\" decoding=\"async\" width=\"1024\" height=\"461\" src=\"https:\/\/vhundsport.se\/wp-content\/uploads\/2023\/12\/20231201_122457-1-1024x461.jpg\" alt=\"\" class=\"wp-image-308\" srcset=\"https:\/\/vhundsport.se\/wp-content\/uploads\/2023\/12\/20231201_122457-1-1024x461.jpg 1024w, https:\/\/vhundsport.se\/wp-content\/uploads\/2023\/12\/20231201_122457-1-300x135.jpg 300w, https:\/\/vhundsport.se\/wp-content\/uploads\/2023\/12\/20231201_122457-1-768x346.jpg 768w, https:\/\/vhundsport.se\/wp-content\/uploads\/2023\/12\/20231201_122457-1-1536x692.jpg 1536w, https:\/\/vhundsport.se\/wp-content\/uploads\/2023\/12\/20231201_122457-1-2048x922.jpg 2048w\" sizes=\"auto, (max-width: 1024px) 100vw, 1024px\" \/><\/figure>\n\n\n\n<p>Vi har fyra hundar, Ziri, Zpeja, Zocco och Zhelby. Vi har \u00e4ven tv\u00e5 katter och tv\u00e5 kaniner.<\/p>\n\n\n\n<figure class=\"wp-block-image size-large\"><img loading=\"lazy\" decoding=\"async\" width=\"1024\" height=\"410\" src=\"https:\/\/vhundsport.se\/wp-content\/uploads\/2024\/12\/20241224_130855-1024x410.jpg\" alt=\"\" class=\"wp-image-570\" srcset=\"https:\/\/vhundsport.se\/wp-content\/uploads\/2024\/12\/20241224_130855-1024x410.jpg 1024w, https:\/\/vhundsport.se\/wp-content\/uploads\/2024\/12\/20241224_130855-300x120.jpg 300w, https:\/\/vhundsport.se\/wp-content\/uploads\/2024\/12\/20241224_130855-768x308.jpg 768w, https:\/\/vhundsport.se\/wp-content\/uploads\/2024\/12\/20241224_130855-1536x615.jpg 1536w, https:\/\/vhundsport.se\/wp-content\/uploads\/2024\/12\/20241224_130855-2048x820.jpg 2048w\" sizes=\"auto, (max-width: 1024px) 100vw, 1024px\" \/><\/figure>\n\n\n\n<figure class=\"wp-block-image size-large\"><img loading=\"lazy\" decoding=\"async\" width=\"1024\" height=\"887\" src=\"https:\/\/vhundsport.se\/wp-content\/uploads\/2024\/12\/Jag-Ziri-och-Zhelby-1024x887.jpg\" alt=\"\" class=\"wp-image-568\" srcset=\"https:\/\/vhundsport.se\/wp-content\/uploads\/2024\/12\/Jag-Ziri-och-Zhelby-1024x887.jpg 1024w, https:\/\/vhundsport.se\/wp-content\/uploads\/2024\/12\/Jag-Ziri-och-Zhelby-300x260.jpg 300w, https:\/\/vhundsport.se\/wp-content\/uploads\/2024\/12\/Jag-Ziri-och-Zhelby-768x666.jpg 768w, https:\/\/vhundsport.se\/wp-content\/uploads\/2024\/12\/Jag-Ziri-och-Zhelby-1536x1331.jpg 1536w, https:\/\/vhundsport.se\/wp-content\/uploads\/2024\/12\/Jag-Ziri-och-Zhelby.jpg 1815w\" sizes=\"auto, (max-width: 1024px) 100vw, 1024px\" \/><\/figure>\n\n\n\n<p>Mitt djurintresse har funnits sedan jag var liten och mitt f\u00f6rsta djur var en hamster vid namn Micko som jag \u00e4lskade \u00f6ver allt annat. Sedan har det rullar p\u00e5 med marsvin, undulater, fiskar, \u00f6dlor, kaniner, katter och hundar. <\/p>\n\n\n\n<p>Saga var min f\u00f6rsta hund som jag t\u00e4vlat med. Vi kom upp till klass 2 i agility och godk\u00e4nt doftprov i eukalyptus innan jag k\u00e4nde att hon hade t\u00e4vlat f\u00e4rdigt. Tyv\u00e4rr fick hon, efter 13 \u00e5r, somna in under 2024. <\/p>\n\n\n\n<figure class=\"wp-block-image size-large\"><img loading=\"lazy\" decoding=\"async\" width=\"1024\" height=\"576\" src=\"https:\/\/vhundsport.se\/wp-content\/uploads\/2023\/11\/FB_IMG_1701262939762-1-1024x576.jpg\" alt=\"\" class=\"wp-image-266\" srcset=\"https:\/\/vhundsport.se\/wp-content\/uploads\/2023\/11\/FB_IMG_1701262939762-1-1024x576.jpg 1024w, https:\/\/vhundsport.se\/wp-content\/uploads\/2023\/11\/FB_IMG_1701262939762-1-300x169.jpg 300w, https:\/\/vhundsport.se\/wp-content\/uploads\/2023\/11\/FB_IMG_1701262939762-1-768x432.jpg 768w, https:\/\/vhundsport.se\/wp-content\/uploads\/2023\/11\/FB_IMG_1701262939762-1-1536x864.jpg 1536w, https:\/\/vhundsport.se\/wp-content\/uploads\/2023\/11\/FB_IMG_1701262939762-1.jpg 2048w\" sizes=\"auto, (max-width: 1024px) 100vw, 1024px\" \/><\/figure>\n\n\n\n<p><\/p>\n\n\n\n<p>Min n\u00e4sta tr\u00e4ningshund hette Zocco &#8211; en glad liten pomeranian. Vi t\u00e4vlade i b\u00e5de nosework klass 1 och i agility klass 1 innan fysiska kr\u00e4mpor satte stop f\u00f6r karri\u00e4ren. Nu bor Zocco med min mamma p\u00e5 v\u00e4stkusten och \u00e4r \u00e4ven han en glad pension\u00e4r som fyller 11 \u00e5r 2025.<\/p>\n\n\n\n<figure class=\"wp-block-image size-large\"><img loading=\"lazy\" decoding=\"async\" width=\"575\" height=\"1024\" src=\"https:\/\/vhundsport.se\/wp-content\/uploads\/2023\/11\/FB_IMG_1701263080042-575x1024.jpg\" alt=\"\" class=\"wp-image-259\" srcset=\"https:\/\/vhundsport.se\/wp-content\/uploads\/2023\/11\/FB_IMG_1701263080042-575x1024.jpg 575w, https:\/\/vhundsport.se\/wp-content\/uploads\/2023\/11\/FB_IMG_1701263080042-168x300.jpg 168w, https:\/\/vhundsport.se\/wp-content\/uploads\/2023\/11\/FB_IMG_1701263080042-768x1368.jpg 768w, https:\/\/vhundsport.se\/wp-content\/uploads\/2023\/11\/FB_IMG_1701263080042-863x1536.jpg 863w, https:\/\/vhundsport.se\/wp-content\/uploads\/2023\/11\/FB_IMG_1701263080042.jpg 1150w\" sizes=\"auto, (max-width: 575px) 100vw, 575px\" \/><\/figure>\n\n\n\n<p><\/p>\n\n\n\n<p>V\u00e5ren 2018 blev jag \u00e4gare till Ziri (Bright Rivers Lean On Me). Ziri \u00e4r hunden med det stora hj\u00e4rtat och jag k\u00e4nde ett stark band mellan oss fr\u00e5n start. Vi t\u00e4vlar i agility och nosework d\u00e4r vi kvalificerat oss till klass 2 i b\u00e5da sporterna.<\/p>\n\n\n\n<figure class=\"wp-block-image size-large\"><img loading=\"lazy\" decoding=\"async\" width=\"461\" height=\"1024\" src=\"https:\/\/vhundsport.se\/wp-content\/uploads\/2023\/11\/20231001_134927-461x1024.jpg\" alt=\"\" class=\"wp-image-260\" srcset=\"https:\/\/vhundsport.se\/wp-content\/uploads\/2023\/11\/20231001_134927-461x1024.jpg 461w, https:\/\/vhundsport.se\/wp-content\/uploads\/2023\/11\/20231001_134927-135x300.jpg 135w, https:\/\/vhundsport.se\/wp-content\/uploads\/2023\/11\/20231001_134927-768x1705.jpg 768w, https:\/\/vhundsport.se\/wp-content\/uploads\/2023\/11\/20231001_134927-692x1536.jpg 692w, https:\/\/vhundsport.se\/wp-content\/uploads\/2023\/11\/20231001_134927-922x2048.jpg 922w, https:\/\/vhundsport.se\/wp-content\/uploads\/2023\/11\/20231001_134927-scaled.jpg 1153w\" sizes=\"auto, (max-width: 461px) 100vw, 461px\" \/><\/figure>\n\n\n\n<p><\/p>\n\n\n\n<p>Sommaren 2021 flyttade Zhelby (Sobelkustens One Heartbeat) till oss. Detta \u00e4r hunden med en stor portion energi och som \u00e4r med p\u00e5 allt man kan hitta p\u00e5. Zhelby \u00e4r en fantastisk hund och alltid redo f\u00f6r tr\u00e4ning. Zhelby har godk\u00e4nt doftprov eukalyptus samt 4 pinnar i hopp 1. Vi har \u00e4ven gjort BPH <a href=\"https:\/\/hundar.skk.se\/avelsdata\/Flikar.aspx?sida=Hund_info&amp;id=3543185\">SKK Avelsdata<\/a><\/p>\n\n\n\n<figure class=\"wp-block-image size-large\"><img loading=\"lazy\" decoding=\"async\" width=\"1024\" height=\"683\" src=\"https:\/\/vhundsport.se\/wp-content\/uploads\/2024\/12\/Zhelby-1024x683.jpg\" alt=\"\" class=\"wp-image-571\" srcset=\"https:\/\/vhundsport.se\/wp-content\/uploads\/2024\/12\/Zhelby-1024x683.jpg 1024w, https:\/\/vhundsport.se\/wp-content\/uploads\/2024\/12\/Zhelby-300x200.jpg 300w, https:\/\/vhundsport.se\/wp-content\/uploads\/2024\/12\/Zhelby-768x512.jpg 768w, https:\/\/vhundsport.se\/wp-content\/uploads\/2024\/12\/Zhelby-1536x1024.jpg 1536w, https:\/\/vhundsport.se\/wp-content\/uploads\/2024\/12\/Zhelby-360x240.jpg 360w, https:\/\/vhundsport.se\/wp-content\/uploads\/2024\/12\/Zhelby.jpg 2048w\" sizes=\"auto, (max-width: 1024px) 100vw, 1024px\" \/><\/figure>\n\n\n\n<p>V\u00e5ren 2024 blev vi \u00e4gare till en beaglen Zpeja. En helt fantastisk hund som jagar med husse och tr\u00e4nar nw och agility med matte. <\/p>\n\n\n\n<figure class=\"wp-block-image size-large\"><img loading=\"lazy\" decoding=\"async\" width=\"823\" height=\"1024\" src=\"https:\/\/vhundsport.se\/wp-content\/uploads\/2024\/12\/Zpeja-823x1024.jpg\" alt=\"\" class=\"wp-image-572\" srcset=\"https:\/\/vhundsport.se\/wp-content\/uploads\/2024\/12\/Zpeja-823x1024.jpg 823w, https:\/\/vhundsport.se\/wp-content\/uploads\/2024\/12\/Zpeja-241x300.jpg 241w, https:\/\/vhundsport.se\/wp-content\/uploads\/2024\/12\/Zpeja-768x955.jpg 768w, https:\/\/vhundsport.se\/wp-content\/uploads\/2024\/12\/Zpeja.jpg 1080w\" sizes=\"auto, (max-width: 823px) 100vw, 823px\" \/><\/figure>\n\n\n\n<p>Jag \u00e4r certifierad instrukt\u00f6r i agility, nosework och hoopers.<\/p>\n\n\n\n<figure class=\"wp-block-image size-full\"><img loading=\"lazy\" decoding=\"async\" width=\"206\" height=\"206\" src=\"https:\/\/vhundsport.se\/wp-content\/uploads\/2023\/12\/NW-instruktor.jpg\" alt=\"\" class=\"wp-image-309\" srcset=\"https:\/\/vhundsport.se\/wp-content\/uploads\/2023\/12\/NW-instruktor.jpg 206w, https:\/\/vhundsport.se\/wp-content\/uploads\/2023\/12\/NW-instruktor-150x150.jpg 150w\" sizes=\"auto, (max-width: 206px) 100vw, 206px\" \/><\/figure>\n","protected":false},"excerpt":{"rendered":"<p>P\u00e5 Vis\u00e4tter Mellang\u00e5rd 1 bor jag, Ann-Christin (Anki) Brorsson, tillsammans med min man Peter Brorsson samt v\u00e5ra tv\u00e5 vuxna barn som flyttat lite fram och tillbaka till g\u00e5rden. Vi har fyra hundar, Ziri, Zpeja, Zocco och Zhelby. Vi har \u00e4ven tv\u00e5 katter och tv\u00e5 kaniner. Mitt djurintresse har funnits sedan [&hellip;]<\/p>\n","protected":false},"author":1,"featured_media":0,"parent":0,"menu_order":0,"comment_status":"closed","ping_status":"closed","template":"","meta":{"footnotes":""},"class_list":["post-225","page","type-page","status-publish","hentry"],"aioseo_notices":[],"_links":{"self":[{"href":"https:\/\/vhundsport.se\/index.php?rest_route=\/wp\/v2\/pages\/225","targetHints":{"allow":["GET"]}}],"collection":[{"href":"https:\/\/vhundsport.se\/index.php?rest_route=\/wp\/v2\/pages"}],"about":[{"href":"https:\/\/vhundsport.se\/index.php?rest_route=\/wp\/v2\/types\/page"}],"author":[{"embeddable":true,"href":"https:\/\/vhundsport.se\/index.php?rest_route=\/wp\/v2\/users\/1"}],"replies":[{"embeddable":true,"href":"https:\/\/vhundsport.se\/index.php?rest_route=%2Fwp%2Fv2%2Fcomments&post=225"}],"version-history":[{"count":10,"href":"https:\/\/vhundsport.se\/index.php?rest_route=\/wp\/v2\/pages\/225\/revisions"}],"predecessor-version":[{"id":575,"href":"https:\/\/vhundsport.se\/index.php?rest_route=\/wp\/v2\/pages\/225\/revisions\/575"}],"wp:attachment":[{"href":"https:\/\/vhundsport.se\/index.php?rest_route=%2Fwp%2Fv2%2Fmedia&parent=225"}],"curies":[{"name":"wp","href":"https:\/\/api.w.org\/{rel}","templated":true}]}}