{"id":275,"date":"2023-12-01T14:51:18","date_gmt":"2023-12-01T14:51:18","guid":{"rendered":"https:\/\/vhundsport.se\/?page_id=275"},"modified":"2023-12-01T14:51:18","modified_gmt":"2023-12-01T14:51:18","slug":"ovriga-djur-pa-garden","status":"publish","type":"page","link":"https:\/\/vhundsport.se\/?page_id=275","title":{"rendered":"\u00d6vriga djur p\u00e5 g\u00e5rden"},"content":{"rendered":"\n<p>Se information i undermenyn<\/p>\n","protected":false},"excerpt":{"rendered":"<p>Se information i undermenyn<\/p>\n","protected":false},"author":1,"featured_media":0,"parent":0,"menu_order":0,"comment_status":"closed","ping_status":"closed","template":"","meta":{"footnotes":""},"class_list":["post-275","page","type-page","status-publish","hentry"],"aioseo_notices":[],"_links":{"self":[{"href":"https:\/\/vhundsport.se\/index.php?rest_route=\/wp\/v2\/pages\/275","targetHints":{"allow":["GET"]}}],"collection":[{"href":"https:\/\/vhundsport.se\/index.php?rest_route=\/wp\/v2\/pages"}],"about":[{"href":"https:\/\/vhundsport.se\/index.php?rest_route=\/wp\/v2\/types\/page"}],"author":[{"embeddable":true,"href":"https:\/\/vhundsport.se\/index.php?rest_route=\/wp\/v2\/users\/1"}],"replies":[{"embeddable":true,"href":"https:\/\/vhundsport.se\/index.php?rest_route=%2Fwp%2Fv2%2Fcomments&post=275"}],"version-history":[{"count":1,"href":"https:\/\/vhundsport.se\/index.php?rest_route=\/wp\/v2\/pages\/275\/revisions"}],"predecessor-version":[{"id":276,"href":"https:\/\/vhundsport.se\/index.php?rest_route=\/wp\/v2\/pages\/275\/revisions\/276"}],"wp:attachment":[{"href":"https:\/\/vhundsport.se\/index.php?rest_route=%2Fwp%2Fv2%2Fmedia&parent=275"}],"curies":[{"name":"wp","href":"https:\/\/api.w.org\/{rel}","templated":true}]}}