{"id":278,"date":"2023-12-01T14:54:23","date_gmt":"2023-12-01T14:54:23","guid":{"rendered":"https:\/\/vhundsport.se\/?page_id=278"},"modified":"2023-12-01T15:02:30","modified_gmt":"2023-12-01T15:02:30","slug":"katten-zammy","status":"publish","type":"page","link":"https:\/\/vhundsport.se\/?page_id=278","title":{"rendered":"Katten Zammy"},"content":{"rendered":"\n<p>Zammy \u00e4r en renrasig bondkatt och b\u00e4sta gnagarj\u00e4garen som ser till att inget agilityhinder blir s\u00f6ndergnagt \ud83d\ude42<\/p>\n\n\n\n<figure class=\"wp-block-image size-large\"><img loading=\"lazy\" decoding=\"async\" width=\"768\" height=\"1024\" src=\"https:\/\/vhundsport.se\/wp-content\/uploads\/2023\/12\/FB_IMG_1701262760941-768x1024.jpg\" alt=\"\" class=\"wp-image-279\" srcset=\"https:\/\/vhundsport.se\/wp-content\/uploads\/2023\/12\/FB_IMG_1701262760941-768x1024.jpg 768w, https:\/\/vhundsport.se\/wp-content\/uploads\/2023\/12\/FB_IMG_1701262760941-225x300.jpg 225w, https:\/\/vhundsport.se\/wp-content\/uploads\/2023\/12\/FB_IMG_1701262760941.jpg 1080w\" sizes=\"auto, (max-width: 768px) 100vw, 768px\" \/><\/figure>\n\n\n\n<figure class=\"wp-block-image size-large\"><img loading=\"lazy\" decoding=\"async\" width=\"1024\" height=\"576\" src=\"https:\/\/vhundsport.se\/wp-content\/uploads\/2023\/12\/FB_IMG_1701262691783-1024x576.jpg\" alt=\"\" class=\"wp-image-280\" srcset=\"https:\/\/vhundsport.se\/wp-content\/uploads\/2023\/12\/FB_IMG_1701262691783-1024x576.jpg 1024w, https:\/\/vhundsport.se\/wp-content\/uploads\/2023\/12\/FB_IMG_1701262691783-300x169.jpg 300w, https:\/\/vhundsport.se\/wp-content\/uploads\/2023\/12\/FB_IMG_1701262691783-768x432.jpg 768w, https:\/\/vhundsport.se\/wp-content\/uploads\/2023\/12\/FB_IMG_1701262691783.jpg 1080w\" sizes=\"auto, (max-width: 1024px) 100vw, 1024px\" \/><\/figure>\n","protected":false},"excerpt":{"rendered":"<p>Zammy \u00e4r en renrasig bondkatt och b\u00e4sta gnagarj\u00e4garen som ser till att inget agilityhinder blir s\u00f6ndergnagt \ud83d\ude42<\/p>\n","protected":false},"author":1,"featured_media":0,"parent":0,"menu_order":0,"comment_status":"closed","ping_status":"closed","template":"","meta":{"footnotes":""},"class_list":["post-278","page","type-page","status-publish","hentry"],"aioseo_notices":[],"_links":{"self":[{"href":"https:\/\/vhundsport.se\/index.php?rest_route=\/wp\/v2\/pages\/278","targetHints":{"allow":["GET"]}}],"collection":[{"href":"https:\/\/vhundsport.se\/index.php?rest_route=\/wp\/v2\/pages"}],"about":[{"href":"https:\/\/vhundsport.se\/index.php?rest_route=\/wp\/v2\/types\/page"}],"author":[{"embeddable":true,"href":"https:\/\/vhundsport.se\/index.php?rest_route=\/wp\/v2\/users\/1"}],"replies":[{"embeddable":true,"href":"https:\/\/vhundsport.se\/index.php?rest_route=%2Fwp%2Fv2%2Fcomments&post=278"}],"version-history":[{"count":3,"href":"https:\/\/vhundsport.se\/index.php?rest_route=\/wp\/v2\/pages\/278\/revisions"}],"predecessor-version":[{"id":291,"href":"https:\/\/vhundsport.se\/index.php?rest_route=\/wp\/v2\/pages\/278\/revisions\/291"}],"wp:attachment":[{"href":"https:\/\/vhundsport.se\/index.php?rest_route=%2Fwp%2Fv2%2Fmedia&parent=278"}],"curies":[{"name":"wp","href":"https:\/\/api.w.org\/{rel}","templated":true}]}}