{"id":282,"date":"2023-12-01T14:55:27","date_gmt":"2023-12-01T14:55:27","guid":{"rendered":"https:\/\/vhundsport.se\/?page_id=282"},"modified":"2023-12-01T15:01:33","modified_gmt":"2023-12-01T15:01:33","slug":"katten-zucchini","status":"publish","type":"page","link":"https:\/\/vhundsport.se\/?page_id=282","title":{"rendered":"Katten Zucchini"},"content":{"rendered":"\n<p>Finaste Zucchini \u00e4r en blandning mellan birma och ragdoll som g\u00e4rna patrullerar runt \u00e4gorna och ser till att inga oinbjudna kommer in p\u00e5 g\u00e5rden (i alla fall inga katter).<\/p>\n\n\n\n<figure class=\"wp-block-image size-large\"><img loading=\"lazy\" decoding=\"async\" width=\"768\" height=\"1024\" src=\"https:\/\/vhundsport.se\/wp-content\/uploads\/2023\/12\/FB_IMG_1701262754228-768x1024.jpg\" alt=\"\" class=\"wp-image-283\" srcset=\"https:\/\/vhundsport.se\/wp-content\/uploads\/2023\/12\/FB_IMG_1701262754228-768x1024.jpg 768w, https:\/\/vhundsport.se\/wp-content\/uploads\/2023\/12\/FB_IMG_1701262754228-225x300.jpg 225w, https:\/\/vhundsport.se\/wp-content\/uploads\/2023\/12\/FB_IMG_1701262754228.jpg 1080w\" sizes=\"auto, (max-width: 768px) 100vw, 768px\" \/><\/figure>\n","protected":false},"excerpt":{"rendered":"<p>Finaste Zucchini \u00e4r en blandning mellan birma och ragdoll som g\u00e4rna patrullerar runt \u00e4gorna och ser till att inga oinbjudna kommer in p\u00e5 g\u00e5rden (i alla fall inga katter).<\/p>\n","protected":false},"author":1,"featured_media":0,"parent":0,"menu_order":0,"comment_status":"closed","ping_status":"closed","template":"","meta":{"footnotes":""},"class_list":["post-282","page","type-page","status-publish","hentry"],"aioseo_notices":[],"_links":{"self":[{"href":"https:\/\/vhundsport.se\/index.php?rest_route=\/wp\/v2\/pages\/282","targetHints":{"allow":["GET"]}}],"collection":[{"href":"https:\/\/vhundsport.se\/index.php?rest_route=\/wp\/v2\/pages"}],"about":[{"href":"https:\/\/vhundsport.se\/index.php?rest_route=\/wp\/v2\/types\/page"}],"author":[{"embeddable":true,"href":"https:\/\/vhundsport.se\/index.php?rest_route=\/wp\/v2\/users\/1"}],"replies":[{"embeddable":true,"href":"https:\/\/vhundsport.se\/index.php?rest_route=%2Fwp%2Fv2%2Fcomments&post=282"}],"version-history":[{"count":2,"href":"https:\/\/vhundsport.se\/index.php?rest_route=\/wp\/v2\/pages\/282\/revisions"}],"predecessor-version":[{"id":290,"href":"https:\/\/vhundsport.se\/index.php?rest_route=\/wp\/v2\/pages\/282\/revisions\/290"}],"wp:attachment":[{"href":"https:\/\/vhundsport.se\/index.php?rest_route=%2Fwp%2Fv2%2Fmedia&parent=282"}],"curies":[{"name":"wp","href":"https:\/\/api.w.org\/{rel}","templated":true}]}}