{"id":304,"date":"2023-12-03T17:41:03","date_gmt":"2023-12-03T17:41:03","guid":{"rendered":"https:\/\/vhundsport.se\/?page_id=304"},"modified":"2023-12-03T17:41:04","modified_gmt":"2023-12-03T17:41:04","slug":"kaninerna-zumo-och-ziden","status":"publish","type":"page","link":"https:\/\/vhundsport.se\/?page_id=304","title":{"rendered":"Kaninerna Zumo och Ziden"},"content":{"rendered":"\n<p>Zumo (till v\u00e4nster) och Ziden (till h\u00f6ger) \u00e4r av rasen miniloops. Dom \u00e4r b\u00e5da v\u00e4ldigt trevliga och nyfikna kaniner. B\u00e5da kom till g\u00e5rden 2020 i samband med att vi flyttade in.<\/p>\n\n\n\n<figure class=\"wp-block-image size-large\"><img loading=\"lazy\" decoding=\"async\" width=\"1024\" height=\"461\" src=\"https:\/\/vhundsport.se\/wp-content\/uploads\/2023\/12\/20231201_180051-1024x461.jpg\" alt=\"\" class=\"wp-image-305\" srcset=\"https:\/\/vhundsport.se\/wp-content\/uploads\/2023\/12\/20231201_180051-1024x461.jpg 1024w, https:\/\/vhundsport.se\/wp-content\/uploads\/2023\/12\/20231201_180051-300x135.jpg 300w, https:\/\/vhundsport.se\/wp-content\/uploads\/2023\/12\/20231201_180051-768x346.jpg 768w, https:\/\/vhundsport.se\/wp-content\/uploads\/2023\/12\/20231201_180051-1536x692.jpg 1536w, https:\/\/vhundsport.se\/wp-content\/uploads\/2023\/12\/20231201_180051-2048x922.jpg 2048w\" sizes=\"auto, (max-width: 1024px) 100vw, 1024px\" \/><\/figure>\n","protected":false},"excerpt":{"rendered":"<p>Zumo (till v\u00e4nster) och Ziden (till h\u00f6ger) \u00e4r av rasen miniloops. Dom \u00e4r b\u00e5da v\u00e4ldigt trevliga och nyfikna kaniner. B\u00e5da kom till g\u00e5rden 2020 i samband med att vi flyttade in.<\/p>\n","protected":false},"author":1,"featured_media":0,"parent":0,"menu_order":0,"comment_status":"closed","ping_status":"closed","template":"","meta":{"footnotes":""},"class_list":["post-304","page","type-page","status-publish","hentry"],"aioseo_notices":[],"_links":{"self":[{"href":"https:\/\/vhundsport.se\/index.php?rest_route=\/wp\/v2\/pages\/304","targetHints":{"allow":["GET"]}}],"collection":[{"href":"https:\/\/vhundsport.se\/index.php?rest_route=\/wp\/v2\/pages"}],"about":[{"href":"https:\/\/vhundsport.se\/index.php?rest_route=\/wp\/v2\/types\/page"}],"author":[{"embeddable":true,"href":"https:\/\/vhundsport.se\/index.php?rest_route=\/wp\/v2\/users\/1"}],"replies":[{"embeddable":true,"href":"https:\/\/vhundsport.se\/index.php?rest_route=%2Fwp%2Fv2%2Fcomments&post=304"}],"version-history":[{"count":1,"href":"https:\/\/vhundsport.se\/index.php?rest_route=\/wp\/v2\/pages\/304\/revisions"}],"predecessor-version":[{"id":306,"href":"https:\/\/vhundsport.se\/index.php?rest_route=\/wp\/v2\/pages\/304\/revisions\/306"}],"wp:attachment":[{"href":"https:\/\/vhundsport.se\/index.php?rest_route=%2Fwp%2Fv2%2Fmedia&parent=304"}],"curies":[{"name":"wp","href":"https:\/\/api.w.org\/{rel}","templated":true}]}}