{"id":318,"date":"2023-12-03T17:50:46","date_gmt":"2023-12-03T17:50:46","guid":{"rendered":"https:\/\/vhundsport.se\/?page_id=318"},"modified":"2023-12-26T15:48:10","modified_gmt":"2023-12-26T15:48:10","slug":"traningstavling-17-12-23","status":"publish","type":"page","link":"https:\/\/vhundsport.se\/?page_id=318","title":{"rendered":"Nissenosen tr\u00e4ningst\u00e4vling 17\/12-23"},"content":{"rendered":"\n<p>Tack alla som kom och bidrog till musikhj\u00e4lpen &#8211; vi fick ihop 2200 kr<\/p>\n\n\n\n<p><strong>V\u00e4lkommen till en tr\u00e4ningst\u00e4vling i <\/strong><strong>nosework<\/strong><strong> klass 1 till f\u00f6rm\u00e5n f\u00f6r musikhj\u00e4lpen.<\/strong><\/p>\n\n\n\n<p><strong>Fyra s\u00f6k med eukalyptus. Pris: 200 kr per ekipage d\u00e4r allt g\u00e5r till musikhj\u00e4lpen<\/strong><\/p>\n\n\n\n<p><strong>Var: <\/strong><strong>Vis\u00e4tter<\/strong><strong> Mellang\u00e5rd 1, 583 94 <\/strong><strong>Nykil<\/strong><\/p>\n\n\n\n<p><strong>N\u00e4<\/strong><strong>r<\/strong><strong>: 17\/12 <\/strong><strong>kl<\/strong><strong> 09:30-12:00 samt 13:00-15:30<\/strong><\/p>\n\n\n\n<p><strong>Anm\u00e4l till: <\/strong><strong><a href=\"mailto:brorsson.anki@gmail.com\">brorsson.anki@gmail.com<\/a><\/strong><\/p>\n\n\n\n<p><strong>Meddela<\/strong><strong> <\/strong><strong>om<\/strong><strong> <\/strong><strong>du<\/strong><strong> <\/strong><strong>vill<\/strong><strong> <\/strong><strong>komma<\/strong><strong> <\/strong><strong>09:30<\/strong><strong> <\/strong><strong>eller<\/strong><strong> <\/strong><strong>13:00<\/strong><\/p>\n\n\n\n<p><strong>Kaffe och kaka finns till sj\u00e4lvkostnadspris<\/strong><\/p>\n\n\n\n<p> <\/p>\n","protected":false},"excerpt":{"rendered":"<p>Tack alla som kom och bidrog till musikhj\u00e4lpen &#8211; vi fick ihop 2200 kr V\u00e4lkommen till en tr\u00e4ningst\u00e4vling i nosework klass 1 till f\u00f6rm\u00e5n f\u00f6r musikhj\u00e4lpen. Fyra s\u00f6k med eukalyptus. Pris: 200 kr per ekipage d\u00e4r allt g\u00e5r till musikhj\u00e4lpen Var: Vis\u00e4tter Mellang\u00e5rd 1, 583 94 Nykil N\u00e4r: 17\/12 kl [&hellip;]<\/p>\n","protected":false},"author":1,"featured_media":0,"parent":0,"menu_order":0,"comment_status":"closed","ping_status":"closed","template":"","meta":{"footnotes":""},"class_list":["post-318","page","type-page","status-publish","hentry"],"aioseo_notices":[],"_links":{"self":[{"href":"https:\/\/vhundsport.se\/index.php?rest_route=\/wp\/v2\/pages\/318","targetHints":{"allow":["GET"]}}],"collection":[{"href":"https:\/\/vhundsport.se\/index.php?rest_route=\/wp\/v2\/pages"}],"about":[{"href":"https:\/\/vhundsport.se\/index.php?rest_route=\/wp\/v2\/types\/page"}],"author":[{"embeddable":true,"href":"https:\/\/vhundsport.se\/index.php?rest_route=\/wp\/v2\/users\/1"}],"replies":[{"embeddable":true,"href":"https:\/\/vhundsport.se\/index.php?rest_route=%2Fwp%2Fv2%2Fcomments&post=318"}],"version-history":[{"count":3,"href":"https:\/\/vhundsport.se\/index.php?rest_route=\/wp\/v2\/pages\/318\/revisions"}],"predecessor-version":[{"id":329,"href":"https:\/\/vhundsport.se\/index.php?rest_route=\/wp\/v2\/pages\/318\/revisions\/329"}],"wp:attachment":[{"href":"https:\/\/vhundsport.se\/index.php?rest_route=%2Fwp%2Fv2%2Fmedia&parent=318"}],"curies":[{"name":"wp","href":"https:\/\/api.w.org\/{rel}","templated":true}]}}