{"id":338,"date":"2023-12-26T16:47:23","date_gmt":"2023-12-26T16:47:23","guid":{"rendered":"https:\/\/vhundsport.se\/?page_id=338"},"modified":"2024-01-04T14:07:22","modified_gmt":"2024-01-04T13:07:22","slug":"agility","status":"publish","type":"page","link":"https:\/\/vhundsport.se\/?page_id=338","title":{"rendered":"Agility"},"content":{"rendered":"\n<p>F\u00f6ljande agilityutrustning finns att tillg\u00e5 vid bokning av de olika tr\u00e4ningsytorna.<\/p>\n\n\n\n<hr class=\"wp-block-separator has-alpha-channel-opacity\"\/>\n\n\n\n<p><strong>Stallet: <\/strong><\/p>\n\n\n\n<ul class=\"wp-block-list\">\n<li><strong>Hopphinder:<\/strong> I stallet finns utrymme f\u00f6r att anv\u00e4nda ett eller tv\u00e5 hopphinder f\u00f6r tr\u00e4ning av olika typer av hopp och sv\u00e4ngar inklusive hoppteknik (se film n\u00e4r Zebbe tr\u00e4nar in i stallet samt bild och f\u00f6rslag p\u00e5 tr\u00e4ning nedan).<\/li>\n<\/ul>\n\n\n\n<figure class=\"wp-block-embed is-type-video is-provider-youtube wp-block-embed-youtube wp-embed-aspect-16-9 wp-has-aspect-ratio\"><div class=\"wp-block-embed__wrapper\">\n<iframe loading=\"lazy\" title=\"Zebbe tr\u00e4nar in\" width=\"750\" height=\"422\" src=\"https:\/\/www.youtube.com\/embed\/cn5RuAcjKrM?feature=oembed\" frameborder=\"0\" allow=\"accelerometer; autoplay; clipboard-write; encrypted-media; gyroscope; picture-in-picture; web-share\" allowfullscreen><\/iframe>\n<\/div><\/figure>\n\n\n\n<figure class=\"wp-block-image size-large\"><img loading=\"lazy\" decoding=\"async\" width=\"1024\" height=\"461\" src=\"https:\/\/vhundsport.se\/wp-content\/uploads\/2023\/12\/20231226_192749-1024x461.jpg\" alt=\"\" class=\"wp-image-368\" srcset=\"https:\/\/vhundsport.se\/wp-content\/uploads\/2023\/12\/20231226_192749-1024x461.jpg 1024w, https:\/\/vhundsport.se\/wp-content\/uploads\/2023\/12\/20231226_192749-300x135.jpg 300w, https:\/\/vhundsport.se\/wp-content\/uploads\/2023\/12\/20231226_192749-768x346.jpg 768w, https:\/\/vhundsport.se\/wp-content\/uploads\/2023\/12\/20231226_192749-1536x692.jpg 1536w, https:\/\/vhundsport.se\/wp-content\/uploads\/2023\/12\/20231226_192749-2048x922.jpg 2048w\" sizes=\"auto, (max-width: 1024px) 100vw, 1024px\" \/><\/figure>\n\n\n\n<p> <\/p>\n\n\n\n<figure class=\"wp-block-image size-large\"><img loading=\"lazy\" decoding=\"async\" width=\"1024\" height=\"573\" src=\"https:\/\/vhundsport.se\/wp-content\/uploads\/2023\/12\/Kort-agilitybana-med-tva-hinder-1024x573.jpg\" alt=\"\" class=\"wp-image-339\" srcset=\"https:\/\/vhundsport.se\/wp-content\/uploads\/2023\/12\/Kort-agilitybana-med-tva-hinder-1024x573.jpg 1024w, https:\/\/vhundsport.se\/wp-content\/uploads\/2023\/12\/Kort-agilitybana-med-tva-hinder-300x168.jpg 300w, https:\/\/vhundsport.se\/wp-content\/uploads\/2023\/12\/Kort-agilitybana-med-tva-hinder-768x429.jpg 768w, https:\/\/vhundsport.se\/wp-content\/uploads\/2023\/12\/Kort-agilitybana-med-tva-hinder-1536x859.jpg 1536w, https:\/\/vhundsport.se\/wp-content\/uploads\/2023\/12\/Kort-agilitybana-med-tva-hinder.jpg 2048w\" sizes=\"auto, (max-width: 1024px) 100vw, 1024px\" \/><\/figure>\n\n\n\n<ul class=\"wp-block-list\">\n<li><strong>Gungan: <\/strong>P\u00e5 vintern kan man tr\u00e4na gungan i stallet &#8211; t\u00e4nk p\u00e5 att alltid anv\u00e4nda tunnels\u00e4ckar f\u00f6r att stadga gungan mot golvet samt att k\u00f6ra med d\u00e4mpande underlag vid b\u00e5da \u00e4ndarna p\u00e5 gungan d\u00e5 det blir ganska h\u00e5rda ljud d\u00e5 gungan sl\u00e5r mot stallgolvet (se bild nedan samt film n\u00e4r Zebbe tr\u00e4nar gungan).<\/li>\n<\/ul>\n\n\n\n<figure class=\"wp-block-image size-large\"><img loading=\"lazy\" decoding=\"async\" width=\"1024\" height=\"461\" src=\"https:\/\/vhundsport.se\/wp-content\/uploads\/2023\/12\/20231230_152841-1024x461.jpg\" alt=\"\" class=\"wp-image-425\" srcset=\"https:\/\/vhundsport.se\/wp-content\/uploads\/2023\/12\/20231230_152841-1024x461.jpg 1024w, https:\/\/vhundsport.se\/wp-content\/uploads\/2023\/12\/20231230_152841-300x135.jpg 300w, https:\/\/vhundsport.se\/wp-content\/uploads\/2023\/12\/20231230_152841-768x346.jpg 768w, https:\/\/vhundsport.se\/wp-content\/uploads\/2023\/12\/20231230_152841-1536x692.jpg 1536w, https:\/\/vhundsport.se\/wp-content\/uploads\/2023\/12\/20231230_152841-2048x922.jpg 2048w\" sizes=\"auto, (max-width: 1024px) 100vw, 1024px\" \/><\/figure>\n\n\n\n<figure class=\"wp-block-embed is-type-video is-provider-youtube wp-block-embed-youtube wp-embed-aspect-16-9 wp-has-aspect-ratio\"><div class=\"wp-block-embed__wrapper\">\n<iframe loading=\"lazy\" title=\"Zebbe tr\u00e4nar gunga\" width=\"750\" height=\"422\" src=\"https:\/\/www.youtube.com\/embed\/eZASaW-C23Y?feature=oembed\" frameborder=\"0\" allow=\"accelerometer; autoplay; clipboard-write; encrypted-media; gyroscope; picture-in-picture; web-share\" allowfullscreen><\/iframe>\n<\/div><\/figure>\n\n\n\n<ul class=\"wp-block-list\">\n<li><strong>Balansen <\/strong>&#8211; \u00e4ven balansen kan anv\u00e4ndas p\u00e5 vintern f\u00f6r running contact i stallet. Tyv\u00e4rr ryms inte hela balansen i stallet utan man f\u00e5r tr\u00e4na p\u00e5 en nedfart. St\u00e4ll den sidan av balansen som saknar nedfart mot d\u00f6rren och anv\u00e4nd tunnels\u00e4ck f\u00f6r att begr\u00e4nsa hur l\u00e5ngt hunden f\u00e5r springa upp p\u00e5 balansen. Se bild p\u00e5 balansen samt film p\u00e5 tr\u00e4ning av running contact nedan.<\/li>\n<\/ul>\n\n\n\n<figure class=\"wp-block-image size-large\"><img loading=\"lazy\" decoding=\"async\" width=\"1024\" height=\"461\" src=\"https:\/\/vhundsport.se\/wp-content\/uploads\/2024\/01\/20240101_150949-1024x461.jpg\" alt=\"\" class=\"wp-image-458\" srcset=\"https:\/\/vhundsport.se\/wp-content\/uploads\/2024\/01\/20240101_150949-1024x461.jpg 1024w, https:\/\/vhundsport.se\/wp-content\/uploads\/2024\/01\/20240101_150949-300x135.jpg 300w, https:\/\/vhundsport.se\/wp-content\/uploads\/2024\/01\/20240101_150949-768x346.jpg 768w, https:\/\/vhundsport.se\/wp-content\/uploads\/2024\/01\/20240101_150949-1536x692.jpg 1536w, https:\/\/vhundsport.se\/wp-content\/uploads\/2024\/01\/20240101_150949-2048x922.jpg 2048w\" sizes=\"auto, (max-width: 1024px) 100vw, 1024px\" \/><\/figure>\n\n\n\n<figure class=\"wp-block-embed is-type-video is-provider-youtube wp-block-embed-youtube wp-embed-aspect-16-9 wp-has-aspect-ratio\"><div class=\"wp-block-embed__wrapper\">\n<iframe loading=\"lazy\" title=\"Zhelby o Ziri tr\u00e4nar running contact\" width=\"750\" height=\"422\" src=\"https:\/\/www.youtube.com\/embed\/30E3gcZw3CA?feature=oembed\" frameborder=\"0\" allow=\"accelerometer; autoplay; clipboard-write; encrypted-media; gyroscope; picture-in-picture; web-share\" allowfullscreen><\/iframe>\n<\/div><\/figure>\n\n\n\n<p>Till v\u00e5ren flyttas b\u00e5de gungan och balansen ut n\u00e4r v\u00e4dret till\u00e5ter &#8211; f\u00f6rst till konstgr\u00e4set och sedan till gr\u00e4splanen d\u00e5 den blir tr\u00e4ningsbar.<\/p>\n\n\n\n<ul class=\"wp-block-list\">\n<li><strong>Slalom: <\/strong>M\u00f6jlighet finns att tr\u00e4na slalom i stallet- man kan k\u00f6ra tv\u00e5 eller flera slalompinnar och s\u00e4tter man upp alla 12 pinnarna s\u00e5 finns det ca 2 meters utrymme f\u00f6re och efter slalomet. Det finns \u00e4ven 10 st genomskinliga b\u00e5gar. P\u00e5 sommaren flyttas slalomet till gr\u00e4splanen. Se film p\u00e5 tr\u00e4ning av slalom nedan.<\/li>\n<\/ul>\n\n\n\n<figure class=\"wp-block-embed is-type-video is-provider-youtube wp-block-embed-youtube wp-embed-aspect-16-9 wp-has-aspect-ratio\"><div class=\"wp-block-embed__wrapper\">\n<iframe loading=\"lazy\" title=\"Zhelby o Ziri k\u00f6r slalom i stallet\" width=\"750\" height=\"422\" src=\"https:\/\/www.youtube.com\/embed\/l1sL0Wqdu7E?feature=oembed\" frameborder=\"0\" allow=\"accelerometer; autoplay; clipboard-write; encrypted-media; gyroscope; picture-in-picture; web-share\" allowfullscreen><\/iframe>\n<\/div><\/figure>\n\n\n\n<hr class=\"wp-block-separator has-alpha-channel-opacity\"\/>\n\n\n\n<p><strong>Konstgr\u00e4set<\/strong>: <\/p>\n\n\n\n<p>P\u00e5 konstgr\u00e4set (d\u00e5 det \u00e4r sn\u00f6fritt) finns tillg\u00e5ng till en tunnel p\u00e5 5 meter, ett slalom samt tre hopphinder. <\/p>\n\n\n\n<figure class=\"wp-block-image size-large\"><img loading=\"lazy\" decoding=\"async\" width=\"1024\" height=\"461\" src=\"https:\/\/vhundsport.se\/wp-content\/uploads\/2024\/01\/20231125_162834-1024x461.jpg\" alt=\"\" class=\"wp-image-466\" srcset=\"https:\/\/vhundsport.se\/wp-content\/uploads\/2024\/01\/20231125_162834-1024x461.jpg 1024w, https:\/\/vhundsport.se\/wp-content\/uploads\/2024\/01\/20231125_162834-300x135.jpg 300w, https:\/\/vhundsport.se\/wp-content\/uploads\/2024\/01\/20231125_162834-768x346.jpg 768w, https:\/\/vhundsport.se\/wp-content\/uploads\/2024\/01\/20231125_162834-1536x692.jpg 1536w, https:\/\/vhundsport.se\/wp-content\/uploads\/2024\/01\/20231125_162834-2048x922.jpg 2048w\" sizes=\"auto, (max-width: 1024px) 100vw, 1024px\" \/><\/figure>\n\n\n\n<p>Nedan f\u00f6ljer ett exempel p\u00e5 bana.<\/p>\n\n\n\n<figure class=\"wp-block-image size-large\"><img loading=\"lazy\" decoding=\"async\" width=\"1024\" height=\"593\" src=\"https:\/\/vhundsport.se\/wp-content\/uploads\/2023\/12\/bana-1-klass-1-2-visatter-hundsport_381525-1024x593.png\" alt=\"\" class=\"wp-image-340\" srcset=\"https:\/\/vhundsport.se\/wp-content\/uploads\/2023\/12\/bana-1-klass-1-2-visatter-hundsport_381525-1024x593.png 1024w, https:\/\/vhundsport.se\/wp-content\/uploads\/2023\/12\/bana-1-klass-1-2-visatter-hundsport_381525-300x174.png 300w, https:\/\/vhundsport.se\/wp-content\/uploads\/2023\/12\/bana-1-klass-1-2-visatter-hundsport_381525-768x445.png 768w, https:\/\/vhundsport.se\/wp-content\/uploads\/2023\/12\/bana-1-klass-1-2-visatter-hundsport_381525.png 1518w\" sizes=\"auto, (max-width: 1024px) 100vw, 1024px\" \/><\/figure>\n\n\n\n<p>Under en period p\u00e5 v\u00e5ren och h\u00f6sten kommer \u00e4ven <strong>gungan<\/strong> och <strong>balansen<\/strong> att finnas tillg\u00e4ngliga p\u00e5 konstgr\u00e4set d\u00e5 gr\u00e4splanen inte kan anv\u00e4ndas.<\/p>\n\n\n\n<hr class=\"wp-block-separator has-alpha-channel-opacity\"\/>\n\n\n\n<p><strong>Gr\u00e4splan<\/strong>: <\/p>\n\n\n\n<p>P\u00e5 gr\u00e4splan (n\u00e4r den g\u00e5r att anv\u00e4nda) finns full utrustning av agilityhinder inklusive alla balanshinder &#8211; mer info kommer n\u00e4r gr\u00e4set g\u00e5r att springa p\u00e5.<\/p>\n\n\n\n<figure class=\"wp-block-image size-full\"><img loading=\"lazy\" decoding=\"async\" width=\"960\" height=\"540\" src=\"https:\/\/vhundsport.se\/wp-content\/uploads\/2024\/01\/Grasytan.jpg\" alt=\"\" class=\"wp-image-467\" srcset=\"https:\/\/vhundsport.se\/wp-content\/uploads\/2024\/01\/Grasytan.jpg 960w, https:\/\/vhundsport.se\/wp-content\/uploads\/2024\/01\/Grasytan-300x169.jpg 300w, https:\/\/vhundsport.se\/wp-content\/uploads\/2024\/01\/Grasytan-768x432.jpg 768w\" sizes=\"auto, (max-width: 960px) 100vw, 960px\" \/><\/figure>\n","protected":false},"excerpt":{"rendered":"<p>F\u00f6ljande agilityutrustning finns att tillg\u00e5 vid bokning av de olika tr\u00e4ningsytorna. Stallet: Till v\u00e5ren flyttas b\u00e5de gungan och balansen ut n\u00e4r v\u00e4dret till\u00e5ter &#8211; f\u00f6rst till konstgr\u00e4set och sedan till gr\u00e4splanen d\u00e5 den blir tr\u00e4ningsbar. Konstgr\u00e4set: P\u00e5 konstgr\u00e4set (d\u00e5 det \u00e4r sn\u00f6fritt) finns tillg\u00e5ng till en tunnel p\u00e5 5 meter, [&hellip;]<\/p>\n","protected":false},"author":1,"featured_media":0,"parent":0,"menu_order":0,"comment_status":"closed","ping_status":"closed","template":"","meta":{"footnotes":""},"class_list":["post-338","page","type-page","status-publish","hentry"],"aioseo_notices":[],"_links":{"self":[{"href":"https:\/\/vhundsport.se\/index.php?rest_route=\/wp\/v2\/pages\/338","targetHints":{"allow":["GET"]}}],"collection":[{"href":"https:\/\/vhundsport.se\/index.php?rest_route=\/wp\/v2\/pages"}],"about":[{"href":"https:\/\/vhundsport.se\/index.php?rest_route=\/wp\/v2\/types\/page"}],"author":[{"embeddable":true,"href":"https:\/\/vhundsport.se\/index.php?rest_route=\/wp\/v2\/users\/1"}],"replies":[{"embeddable":true,"href":"https:\/\/vhundsport.se\/index.php?rest_route=%2Fwp%2Fv2%2Fcomments&post=338"}],"version-history":[{"count":10,"href":"https:\/\/vhundsport.se\/index.php?rest_route=\/wp\/v2\/pages\/338\/revisions"}],"predecessor-version":[{"id":468,"href":"https:\/\/vhundsport.se\/index.php?rest_route=\/wp\/v2\/pages\/338\/revisions\/468"}],"wp:attachment":[{"href":"https:\/\/vhundsport.se\/index.php?rest_route=%2Fwp%2Fv2%2Fmedia&parent=338"}],"curies":[{"name":"wp","href":"https:\/\/api.w.org\/{rel}","templated":true}]}}