{"id":342,"date":"2023-12-26T16:48:17","date_gmt":"2023-12-26T16:48:17","guid":{"rendered":"https:\/\/vhundsport.se\/?page_id=342"},"modified":"2023-12-30T13:46:46","modified_gmt":"2023-12-30T12:46:46","slug":"rallylydnad","status":"publish","type":"page","link":"https:\/\/vhundsport.se\/?page_id=342","title":{"rendered":"Rallylydnad"},"content":{"rendered":"\n<p>I <strong>stallet<\/strong> finns alla skyltar (i A5 format) f\u00f6r nyb\u00f6rjarbana med st\u00e4llningar (har ej med de allra senaste skyltarna f\u00f6r nyb\u00f6rjare). Dessa kan anv\u00e4ndas i <strong>stallet <\/strong>och d\u00e5 v\u00e4dret till\u00e5ter p\u00e5 <strong>konstgr\u00e4sytan<\/strong> och p\u00e5 <strong>gr\u00e4splanen<\/strong>. I \u00f6vrigt \u00e4r det fritt fram att ta med egna skyltar att tr\u00e4na p\u00e5.<\/p>\n\n\n\n<figure class=\"wp-block-image size-large\"><img loading=\"lazy\" decoding=\"async\" width=\"1024\" height=\"461\" src=\"https:\/\/vhundsport.se\/wp-content\/uploads\/2023\/12\/20231229_164912-1024x461.jpg\" alt=\"\" class=\"wp-image-352\" srcset=\"https:\/\/vhundsport.se\/wp-content\/uploads\/2023\/12\/20231229_164912-1024x461.jpg 1024w, https:\/\/vhundsport.se\/wp-content\/uploads\/2023\/12\/20231229_164912-300x135.jpg 300w, https:\/\/vhundsport.se\/wp-content\/uploads\/2023\/12\/20231229_164912-768x346.jpg 768w, https:\/\/vhundsport.se\/wp-content\/uploads\/2023\/12\/20231229_164912-1536x692.jpg 1536w, https:\/\/vhundsport.se\/wp-content\/uploads\/2023\/12\/20231229_164912-2048x922.jpg 2048w\" sizes=\"auto, (max-width: 1024px) 100vw, 1024px\" \/><\/figure>\n\n\n\n<p>Skyltarna finns i den svarta hyllan<\/p>\n\n\n\n<figure class=\"wp-block-image size-large\"><img loading=\"lazy\" decoding=\"async\" width=\"1024\" height=\"461\" src=\"https:\/\/vhundsport.se\/wp-content\/uploads\/2023\/12\/20231229_164959-1024x461.jpg\" alt=\"\" class=\"wp-image-353\" srcset=\"https:\/\/vhundsport.se\/wp-content\/uploads\/2023\/12\/20231229_164959-1024x461.jpg 1024w, https:\/\/vhundsport.se\/wp-content\/uploads\/2023\/12\/20231229_164959-300x135.jpg 300w, https:\/\/vhundsport.se\/wp-content\/uploads\/2023\/12\/20231229_164959-768x346.jpg 768w, https:\/\/vhundsport.se\/wp-content\/uploads\/2023\/12\/20231229_164959-1536x692.jpg 1536w, https:\/\/vhundsport.se\/wp-content\/uploads\/2023\/12\/20231229_164959-2048x922.jpg 2048w\" sizes=\"auto, (max-width: 1024px) 100vw, 1024px\" \/><\/figure>\n","protected":false},"excerpt":{"rendered":"<p>I stallet finns alla skyltar (i A5 format) f\u00f6r nyb\u00f6rjarbana med st\u00e4llningar (har ej med de allra senaste skyltarna f\u00f6r nyb\u00f6rjare). Dessa kan anv\u00e4ndas i stallet och d\u00e5 v\u00e4dret till\u00e5ter p\u00e5 konstgr\u00e4sytan och p\u00e5 gr\u00e4splanen. I \u00f6vrigt \u00e4r det fritt fram att ta med egna skyltar att tr\u00e4na p\u00e5. Skyltarna [&hellip;]<\/p>\n","protected":false},"author":1,"featured_media":0,"parent":0,"menu_order":0,"comment_status":"closed","ping_status":"closed","template":"","meta":{"footnotes":""},"class_list":["post-342","page","type-page","status-publish","hentry"],"aioseo_notices":[],"_links":{"self":[{"href":"https:\/\/vhundsport.se\/index.php?rest_route=\/wp\/v2\/pages\/342","targetHints":{"allow":["GET"]}}],"collection":[{"href":"https:\/\/vhundsport.se\/index.php?rest_route=\/wp\/v2\/pages"}],"about":[{"href":"https:\/\/vhundsport.se\/index.php?rest_route=\/wp\/v2\/types\/page"}],"author":[{"embeddable":true,"href":"https:\/\/vhundsport.se\/index.php?rest_route=\/wp\/v2\/users\/1"}],"replies":[{"embeddable":true,"href":"https:\/\/vhundsport.se\/index.php?rest_route=%2Fwp%2Fv2%2Fcomments&post=342"}],"version-history":[{"count":3,"href":"https:\/\/vhundsport.se\/index.php?rest_route=\/wp\/v2\/pages\/342\/revisions"}],"predecessor-version":[{"id":397,"href":"https:\/\/vhundsport.se\/index.php?rest_route=\/wp\/v2\/pages\/342\/revisions\/397"}],"wp:attachment":[{"href":"https:\/\/vhundsport.se\/index.php?rest_route=%2Fwp%2Fv2%2Fmedia&parent=342"}],"curies":[{"name":"wp","href":"https:\/\/api.w.org\/{rel}","templated":true}]}}