{"id":355,"date":"2023-12-30T09:42:37","date_gmt":"2023-12-30T09:42:37","guid":{"rendered":"https:\/\/vhundsport.se\/?page_id=355"},"modified":"2024-01-01T17:43:02","modified_gmt":"2024-01-01T16:43:02","slug":"nosework","status":"publish","type":"page","link":"https:\/\/vhundsport.se\/?page_id=355","title":{"rendered":"Nosework\/Specials\u00f6k"},"content":{"rendered":"\n<p><strong>I stallet<\/strong> finns utrustning och ett flertal omr\u00e5den att anv\u00e4nda f\u00f6r nosework\/specials\u00f6k. Se film samt beskrivning nedan.<\/p>\n\n\n\n<p><strong>OBS! ta med eget hydrolat, m\u00f6beltassar och kong och var noga med att inte kontaminera omgivningen samt att plocka bort alla g\u00f6mmor efter tr\u00e4ningen.<\/strong><\/p>\n\n\n\n<figure class=\"wp-block-embed is-type-video is-provider-youtube wp-block-embed-youtube wp-embed-aspect-16-9 wp-has-aspect-ratio\"><div class=\"wp-block-embed__wrapper\">\n<iframe loading=\"lazy\" title=\"Nosework i stallet f\u00f6r Ziri, Zelda, Zhelby o Zebbe\" width=\"750\" height=\"422\" src=\"https:\/\/www.youtube.com\/embed\/nikNHq7G-sU?feature=oembed\" frameborder=\"0\" allow=\"accelerometer; autoplay; clipboard-write; encrypted-media; gyroscope; picture-in-picture; web-share\" allowfullscreen><\/iframe>\n<\/div><\/figure>\n\n\n\n<p>En urvalsbana finns f\u00f6r inl\u00e4rning av doft &#8211; doftburk finns f\u00f6r eukalyptus, lagerblad och kong (se bild nedan).<\/p>\n\n\n\n<figure class=\"wp-block-image size-large\"><img loading=\"lazy\" decoding=\"async\" width=\"1024\" height=\"461\" src=\"https:\/\/vhundsport.se\/wp-content\/uploads\/2023\/12\/20231229_165151-1-1024x461.jpg\" alt=\"\" class=\"wp-image-361\" srcset=\"https:\/\/vhundsport.se\/wp-content\/uploads\/2023\/12\/20231229_165151-1-1024x461.jpg 1024w, https:\/\/vhundsport.se\/wp-content\/uploads\/2023\/12\/20231229_165151-1-300x135.jpg 300w, https:\/\/vhundsport.se\/wp-content\/uploads\/2023\/12\/20231229_165151-1-768x346.jpg 768w, https:\/\/vhundsport.se\/wp-content\/uploads\/2023\/12\/20231229_165151-1-1536x692.jpg 1536w, https:\/\/vhundsport.se\/wp-content\/uploads\/2023\/12\/20231229_165151-1-2048x922.jpg 2048w\" sizes=\"auto, (max-width: 1024px) 100vw, 1024px\" \/><\/figure>\n\n\n\n<p>En upps\u00e4ttning kartonger finns b\u00e5de utan och med integrerad sk\u00e5l f\u00f6r godis (se bild nedan).<\/p>\n\n\n\n<figure class=\"wp-block-image size-large\"><img loading=\"lazy\" decoding=\"async\" width=\"1024\" height=\"461\" src=\"https:\/\/vhundsport.se\/wp-content\/uploads\/2023\/12\/20231229_165254-1024x461.jpg\" alt=\"\" class=\"wp-image-356\" srcset=\"https:\/\/vhundsport.se\/wp-content\/uploads\/2023\/12\/20231229_165254-1024x461.jpg 1024w, https:\/\/vhundsport.se\/wp-content\/uploads\/2023\/12\/20231229_165254-300x135.jpg 300w, https:\/\/vhundsport.se\/wp-content\/uploads\/2023\/12\/20231229_165254-768x346.jpg 768w, https:\/\/vhundsport.se\/wp-content\/uploads\/2023\/12\/20231229_165254-1536x692.jpg 1536w, https:\/\/vhundsport.se\/wp-content\/uploads\/2023\/12\/20231229_165254-2048x922.jpg 2048w\" sizes=\"auto, (max-width: 1024px) 100vw, 1024px\" \/><\/figure>\n\n\n\n<p>En upps\u00e4ttning st\u00f6rre sk\u00e5lar finns f\u00f6r beh\u00e5llars\u00f6k (se bild nedan). Dessa kan anv\u00e4ndas st\u00e5ende och\/eller upp och ner v\u00e4nda f\u00f6r att variera sv\u00e5righeten p\u00e5 s\u00f6ken.<\/p>\n\n\n\n<figure class=\"wp-block-image size-large\"><img loading=\"lazy\" decoding=\"async\" width=\"1024\" height=\"461\" src=\"https:\/\/vhundsport.se\/wp-content\/uploads\/2023\/12\/20231229_165344-1024x461.jpg\" alt=\"\" class=\"wp-image-357\" srcset=\"https:\/\/vhundsport.se\/wp-content\/uploads\/2023\/12\/20231229_165344-1024x461.jpg 1024w, https:\/\/vhundsport.se\/wp-content\/uploads\/2023\/12\/20231229_165344-300x135.jpg 300w, https:\/\/vhundsport.se\/wp-content\/uploads\/2023\/12\/20231229_165344-768x346.jpg 768w, https:\/\/vhundsport.se\/wp-content\/uploads\/2023\/12\/20231229_165344-1536x692.jpg 1536w, https:\/\/vhundsport.se\/wp-content\/uploads\/2023\/12\/20231229_165344-2048x922.jpg 2048w\" sizes=\"auto, (max-width: 1024px) 100vw, 1024px\" \/><\/figure>\n\n\n\n<p>Utrymme f\u00f6r rumss\u00f6k (se bild nedan).<\/p>\n\n\n\n<figure class=\"wp-block-image size-large\"><img loading=\"lazy\" decoding=\"async\" width=\"1024\" height=\"461\" src=\"https:\/\/vhundsport.se\/wp-content\/uploads\/2023\/12\/20231229_170440-1024x461.jpg\" alt=\"\" class=\"wp-image-358\" srcset=\"https:\/\/vhundsport.se\/wp-content\/uploads\/2023\/12\/20231229_170440-1024x461.jpg 1024w, https:\/\/vhundsport.se\/wp-content\/uploads\/2023\/12\/20231229_170440-300x135.jpg 300w, https:\/\/vhundsport.se\/wp-content\/uploads\/2023\/12\/20231229_170440-768x346.jpg 768w, https:\/\/vhundsport.se\/wp-content\/uploads\/2023\/12\/20231229_170440-1536x692.jpg 1536w, https:\/\/vhundsport.se\/wp-content\/uploads\/2023\/12\/20231229_170440-2048x922.jpg 2048w\" sizes=\"auto, (max-width: 1024px) 100vw, 1024px\" \/><\/figure>\n\n\n\n<p>Plats f\u00f6r s\u00f6k i tr\u00e4ngre utrymme (se bild nedan).<\/p>\n\n\n\n<figure class=\"wp-block-image size-large\"><img loading=\"lazy\" decoding=\"async\" width=\"1024\" height=\"461\" src=\"https:\/\/vhundsport.se\/wp-content\/uploads\/2023\/12\/20231229_165012-1024x461.jpg\" alt=\"\" class=\"wp-image-359\" srcset=\"https:\/\/vhundsport.se\/wp-content\/uploads\/2023\/12\/20231229_165012-1024x461.jpg 1024w, https:\/\/vhundsport.se\/wp-content\/uploads\/2023\/12\/20231229_165012-300x135.jpg 300w, https:\/\/vhundsport.se\/wp-content\/uploads\/2023\/12\/20231229_165012-768x346.jpg 768w, https:\/\/vhundsport.se\/wp-content\/uploads\/2023\/12\/20231229_165012-1536x692.jpg 1536w, https:\/\/vhundsport.se\/wp-content\/uploads\/2023\/12\/20231229_165012-2048x922.jpg 2048w\" sizes=\"auto, (max-width: 1024px) 100vw, 1024px\" \/><\/figure>\n\n\n\n<p>En mur med m\u00e5nga h\u00e5ligheter &#8211; perfekt f\u00f6r fins\u00f6k (se bild nedan).<\/p>\n\n\n\n<figure class=\"wp-block-image size-large\"><img loading=\"lazy\" decoding=\"async\" width=\"1024\" height=\"461\" src=\"https:\/\/vhundsport.se\/wp-content\/uploads\/2023\/12\/20231229_165035-1024x461.jpg\" alt=\"\" class=\"wp-image-362\" srcset=\"https:\/\/vhundsport.se\/wp-content\/uploads\/2023\/12\/20231229_165035-1024x461.jpg 1024w, https:\/\/vhundsport.se\/wp-content\/uploads\/2023\/12\/20231229_165035-300x135.jpg 300w, https:\/\/vhundsport.se\/wp-content\/uploads\/2023\/12\/20231229_165035-768x346.jpg 768w, https:\/\/vhundsport.se\/wp-content\/uploads\/2023\/12\/20231229_165035-1536x692.jpg 1536w, https:\/\/vhundsport.se\/wp-content\/uploads\/2023\/12\/20231229_165035-2048x922.jpg 2048w\" sizes=\"auto, (max-width: 1024px) 100vw, 1024px\" \/><\/figure>\n","protected":false},"excerpt":{"rendered":"<p>I stallet finns utrustning och ett flertal omr\u00e5den att anv\u00e4nda f\u00f6r nosework\/specials\u00f6k. Se film samt beskrivning nedan. OBS! ta med eget hydrolat, m\u00f6beltassar och kong och var noga med att inte kontaminera omgivningen samt att plocka bort alla g\u00f6mmor efter tr\u00e4ningen. En urvalsbana finns f\u00f6r inl\u00e4rning av doft &#8211; doftburk [&hellip;]<\/p>\n","protected":false},"author":1,"featured_media":0,"parent":0,"menu_order":0,"comment_status":"closed","ping_status":"closed","template":"","meta":{"footnotes":""},"class_list":["post-355","page","type-page","status-publish","hentry"],"aioseo_notices":[],"_links":{"self":[{"href":"https:\/\/vhundsport.se\/index.php?rest_route=\/wp\/v2\/pages\/355","targetHints":{"allow":["GET"]}}],"collection":[{"href":"https:\/\/vhundsport.se\/index.php?rest_route=\/wp\/v2\/pages"}],"about":[{"href":"https:\/\/vhundsport.se\/index.php?rest_route=\/wp\/v2\/types\/page"}],"author":[{"embeddable":true,"href":"https:\/\/vhundsport.se\/index.php?rest_route=\/wp\/v2\/users\/1"}],"replies":[{"embeddable":true,"href":"https:\/\/vhundsport.se\/index.php?rest_route=%2Fwp%2Fv2%2Fcomments&post=355"}],"version-history":[{"count":4,"href":"https:\/\/vhundsport.se\/index.php?rest_route=\/wp\/v2\/pages\/355\/revisions"}],"predecessor-version":[{"id":456,"href":"https:\/\/vhundsport.se\/index.php?rest_route=\/wp\/v2\/pages\/355\/revisions\/456"}],"wp:attachment":[{"href":"https:\/\/vhundsport.se\/index.php?rest_route=%2Fwp%2Fv2%2Fmedia&parent=355"}],"curies":[{"name":"wp","href":"https:\/\/api.w.org\/{rel}","templated":true}]}}