{"id":392,"date":"2023-12-30T13:43:02","date_gmt":"2023-12-30T12:43:02","guid":{"rendered":"https:\/\/vhundsport.se\/?page_id=392"},"modified":"2023-12-30T17:31:46","modified_gmt":"2023-12-30T16:31:46","slug":"hoopers","status":"publish","type":"page","link":"https:\/\/vhundsport.se\/?page_id=392","title":{"rendered":"Hoopers"},"content":{"rendered":"\n<p>Full utrustning finns f\u00f6r hoopers som kan anv\u00e4ndas p\u00e5 <strong>konstgr\u00e4sytan<\/strong> eller p\u00e5 <strong>gr\u00e4splanen <\/strong>n\u00e4r v\u00e4dret till\u00e5ter anv\u00e4ndning av dessa ytor.<\/p>\n\n\n\n<figure class=\"wp-block-image size-large\"><img loading=\"lazy\" decoding=\"async\" width=\"1024\" height=\"461\" src=\"https:\/\/vhundsport.se\/wp-content\/uploads\/2023\/12\/20231230_164518-1024x461.jpg\" alt=\"\" class=\"wp-image-422\" srcset=\"https:\/\/vhundsport.se\/wp-content\/uploads\/2023\/12\/20231230_164518-1024x461.jpg 1024w, https:\/\/vhundsport.se\/wp-content\/uploads\/2023\/12\/20231230_164518-300x135.jpg 300w, https:\/\/vhundsport.se\/wp-content\/uploads\/2023\/12\/20231230_164518-768x346.jpg 768w, https:\/\/vhundsport.se\/wp-content\/uploads\/2023\/12\/20231230_164518-1536x692.jpg 1536w, https:\/\/vhundsport.se\/wp-content\/uploads\/2023\/12\/20231230_164518-2048x922.jpg 2048w\" sizes=\"auto, (max-width: 1024px) 100vw, 1024px\" \/><\/figure>\n","protected":false},"excerpt":{"rendered":"<p>Full utrustning finns f\u00f6r hoopers som kan anv\u00e4ndas p\u00e5 konstgr\u00e4sytan eller p\u00e5 gr\u00e4splanen n\u00e4r v\u00e4dret till\u00e5ter anv\u00e4ndning av dessa ytor.<\/p>\n","protected":false},"author":1,"featured_media":0,"parent":0,"menu_order":0,"comment_status":"closed","ping_status":"closed","template":"","meta":{"footnotes":""},"class_list":["post-392","page","type-page","status-publish","hentry"],"aioseo_notices":[],"_links":{"self":[{"href":"https:\/\/vhundsport.se\/index.php?rest_route=\/wp\/v2\/pages\/392","targetHints":{"allow":["GET"]}}],"collection":[{"href":"https:\/\/vhundsport.se\/index.php?rest_route=\/wp\/v2\/pages"}],"about":[{"href":"https:\/\/vhundsport.se\/index.php?rest_route=\/wp\/v2\/types\/page"}],"author":[{"embeddable":true,"href":"https:\/\/vhundsport.se\/index.php?rest_route=\/wp\/v2\/users\/1"}],"replies":[{"embeddable":true,"href":"https:\/\/vhundsport.se\/index.php?rest_route=%2Fwp%2Fv2%2Fcomments&post=392"}],"version-history":[{"count":2,"href":"https:\/\/vhundsport.se\/index.php?rest_route=\/wp\/v2\/pages\/392\/revisions"}],"predecessor-version":[{"id":423,"href":"https:\/\/vhundsport.se\/index.php?rest_route=\/wp\/v2\/pages\/392\/revisions\/423"}],"wp:attachment":[{"href":"https:\/\/vhundsport.se\/index.php?rest_route=%2Fwp%2Fv2%2Fmedia&parent=392"}],"curies":[{"name":"wp","href":"https:\/\/api.w.org\/{rel}","templated":true}]}}