{"id":403,"date":"2023-12-30T13:58:35","date_gmt":"2023-12-30T12:58:35","guid":{"rendered":"https:\/\/vhundsport.se\/?page_id=403"},"modified":"2023-12-30T13:58:36","modified_gmt":"2023-12-30T12:58:36","slug":"valgorande-andamal","status":"publish","type":"page","link":"https:\/\/vhundsport.se\/?page_id=403","title":{"rendered":"V\u00e4lg\u00f6rande \u00e4ndam\u00e5l"},"content":{"rendered":"\n<p>10 % av alla int\u00e4kter g\u00e5r till v\u00e4lg\u00f6rande \u00e4ndam\u00e5l. Ut\u00f6ver det kommer det finnas riktade aktiviteter f\u00f6r specifika \u00e4ndam\u00e5l exempelvis musikhj\u00e4lpen d\u00e4r betalning sker direkt till den v\u00e4lg\u00f6rande organisationen. <\/p>\n\n\n\n<p>En summering g\u00f6rs vid varje bokslut och total summa som samlats in till v\u00e4lg\u00f6rande \u00e4ndam\u00e5l presenteras p\u00e5 hemsidan (se insamlad summa f\u00f6r olika \u00e5r i undermenyn).<\/p>\n","protected":false},"excerpt":{"rendered":"<p>10 % av alla int\u00e4kter g\u00e5r till v\u00e4lg\u00f6rande \u00e4ndam\u00e5l. Ut\u00f6ver det kommer det finnas riktade aktiviteter f\u00f6r specifika \u00e4ndam\u00e5l exempelvis musikhj\u00e4lpen d\u00e4r betalning sker direkt till den v\u00e4lg\u00f6rande organisationen. En summering g\u00f6rs vid varje bokslut och total summa som samlats in till v\u00e4lg\u00f6rande \u00e4ndam\u00e5l presenteras p\u00e5 hemsidan (se insamlad summa [&hellip;]<\/p>\n","protected":false},"author":1,"featured_media":0,"parent":0,"menu_order":0,"comment_status":"closed","ping_status":"closed","template":"","meta":{"footnotes":""},"class_list":["post-403","page","type-page","status-publish","hentry"],"aioseo_notices":[],"_links":{"self":[{"href":"https:\/\/vhundsport.se\/index.php?rest_route=\/wp\/v2\/pages\/403","targetHints":{"allow":["GET"]}}],"collection":[{"href":"https:\/\/vhundsport.se\/index.php?rest_route=\/wp\/v2\/pages"}],"about":[{"href":"https:\/\/vhundsport.se\/index.php?rest_route=\/wp\/v2\/types\/page"}],"author":[{"embeddable":true,"href":"https:\/\/vhundsport.se\/index.php?rest_route=\/wp\/v2\/users\/1"}],"replies":[{"embeddable":true,"href":"https:\/\/vhundsport.se\/index.php?rest_route=%2Fwp%2Fv2%2Fcomments&post=403"}],"version-history":[{"count":1,"href":"https:\/\/vhundsport.se\/index.php?rest_route=\/wp\/v2\/pages\/403\/revisions"}],"predecessor-version":[{"id":405,"href":"https:\/\/vhundsport.se\/index.php?rest_route=\/wp\/v2\/pages\/403\/revisions\/405"}],"wp:attachment":[{"href":"https:\/\/vhundsport.se\/index.php?rest_route=%2Fwp%2Fv2%2Fmedia&parent=403"}],"curies":[{"name":"wp","href":"https:\/\/api.w.org\/{rel}","templated":true}]}}