{"id":471,"date":"2024-01-05T17:15:39","date_gmt":"2024-01-05T16:15:39","guid":{"rendered":"https:\/\/vhundsport.se\/?page_id=471"},"modified":"2024-01-05T17:15:39","modified_gmt":"2024-01-05T16:15:39","slug":"vandrande-pinnar","status":"publish","type":"page","link":"https:\/\/vhundsport.se\/?page_id=471","title":{"rendered":"Vandrande pinnar"},"content":{"rendered":"\n<p>Emellan\u00e5t har jag leveransklara vandrande pinnar av sorten Medauroidea Extradentata.<\/p>\n\n\n\n<p>Detta \u00e4r en supertrevlig pinne som blir mellan 10-12 cm. Den \u00e4r l\u00e4tt att h\u00e5lla i ett terrarium som beh\u00f6ver vara ca 30 cm h\u00f6gt. Vandrande pinnar \u00e4r v\u00e4xt\u00e4tare och denna sort gillar fr\u00e4mst palettblad, citronmeliss, basilika och ekblad.<\/p>\n\n\n\n<p><a><\/a>Pinnarna vill g\u00e4rna vara tillsammans s\u00e5 jag rekommenderar att k\u00f6pa dem i par. Dom kostar 40 kr\/par.<\/p>\n\n\n\n<p>H\u00f6r av er till mig p\u00e5 brorsson.anki@gmail.com om ni \u00e4r intresserade.<\/p>\n\n\n\n<figure class=\"wp-block-image size-large\"><img loading=\"lazy\" decoding=\"async\" width=\"461\" height=\"1024\" src=\"https:\/\/vhundsport.se\/wp-content\/uploads\/2024\/01\/20230709_211937-461x1024.jpg\" alt=\"\" class=\"wp-image-472\" srcset=\"https:\/\/vhundsport.se\/wp-content\/uploads\/2024\/01\/20230709_211937-461x1024.jpg 461w, https:\/\/vhundsport.se\/wp-content\/uploads\/2024\/01\/20230709_211937-135x300.jpg 135w, https:\/\/vhundsport.se\/wp-content\/uploads\/2024\/01\/20230709_211937-768x1705.jpg 768w, https:\/\/vhundsport.se\/wp-content\/uploads\/2024\/01\/20230709_211937-692x1536.jpg 692w, https:\/\/vhundsport.se\/wp-content\/uploads\/2024\/01\/20230709_211937-922x2048.jpg 922w, https:\/\/vhundsport.se\/wp-content\/uploads\/2024\/01\/20230709_211937-scaled.jpg 1153w\" sizes=\"auto, (max-width: 461px) 100vw, 461px\" \/><\/figure>\n\n\n\n<figure class=\"wp-block-image size-large\"><img loading=\"lazy\" decoding=\"async\" width=\"461\" height=\"1024\" src=\"https:\/\/vhundsport.se\/wp-content\/uploads\/2024\/01\/20240104_122202-461x1024.jpg\" alt=\"\" class=\"wp-image-473\" srcset=\"https:\/\/vhundsport.se\/wp-content\/uploads\/2024\/01\/20240104_122202-461x1024.jpg 461w, https:\/\/vhundsport.se\/wp-content\/uploads\/2024\/01\/20240104_122202-135x300.jpg 135w, https:\/\/vhundsport.se\/wp-content\/uploads\/2024\/01\/20240104_122202-768x1705.jpg 768w, https:\/\/vhundsport.se\/wp-content\/uploads\/2024\/01\/20240104_122202-692x1536.jpg 692w, https:\/\/vhundsport.se\/wp-content\/uploads\/2024\/01\/20240104_122202-922x2048.jpg 922w, https:\/\/vhundsport.se\/wp-content\/uploads\/2024\/01\/20240104_122202-scaled.jpg 1153w\" sizes=\"auto, (max-width: 461px) 100vw, 461px\" \/><\/figure>\n","protected":false},"excerpt":{"rendered":"<p>Emellan\u00e5t har jag leveransklara vandrande pinnar av sorten Medauroidea Extradentata. Detta \u00e4r en supertrevlig pinne som blir mellan 10-12 cm. Den \u00e4r l\u00e4tt att h\u00e5lla i ett terrarium som beh\u00f6ver vara ca 30 cm h\u00f6gt. Vandrande pinnar \u00e4r v\u00e4xt\u00e4tare och denna sort gillar fr\u00e4mst palettblad, citronmeliss, basilika och ekblad. Pinnarna [&hellip;]<\/p>\n","protected":false},"author":1,"featured_media":0,"parent":0,"menu_order":0,"comment_status":"closed","ping_status":"closed","template":"","meta":{"footnotes":""},"class_list":["post-471","page","type-page","status-publish","hentry"],"aioseo_notices":[],"_links":{"self":[{"href":"https:\/\/vhundsport.se\/index.php?rest_route=\/wp\/v2\/pages\/471","targetHints":{"allow":["GET"]}}],"collection":[{"href":"https:\/\/vhundsport.se\/index.php?rest_route=\/wp\/v2\/pages"}],"about":[{"href":"https:\/\/vhundsport.se\/index.php?rest_route=\/wp\/v2\/types\/page"}],"author":[{"embeddable":true,"href":"https:\/\/vhundsport.se\/index.php?rest_route=\/wp\/v2\/users\/1"}],"replies":[{"embeddable":true,"href":"https:\/\/vhundsport.se\/index.php?rest_route=%2Fwp%2Fv2%2Fcomments&post=471"}],"version-history":[{"count":1,"href":"https:\/\/vhundsport.se\/index.php?rest_route=\/wp\/v2\/pages\/471\/revisions"}],"predecessor-version":[{"id":474,"href":"https:\/\/vhundsport.se\/index.php?rest_route=\/wp\/v2\/pages\/471\/revisions\/474"}],"wp:attachment":[{"href":"https:\/\/vhundsport.se\/index.php?rest_route=%2Fwp%2Fv2%2Fmedia&parent=471"}],"curies":[{"name":"wp","href":"https:\/\/api.w.org\/{rel}","templated":true}]}}