{"id":529,"date":"2024-12-30T08:15:58","date_gmt":"2024-12-30T07:15:58","guid":{"rendered":"https:\/\/vhundsport.se\/?page_id=529"},"modified":"2024-12-30T08:22:20","modified_gmt":"2024-12-30T07:22:20","slug":"2024-2","status":"publish","type":"page","link":"https:\/\/vhundsport.se\/?page_id=529","title":{"rendered":"2024"},"content":{"rendered":"\n<p>Under nissenosen till f\u00f6rm\u00e5n f\u00f6r musikhj\u00e4lpen samlade vi in 3500 kr<\/p>\n","protected":false},"excerpt":{"rendered":"<p>Under nissenosen till f\u00f6rm\u00e5n f\u00f6r musikhj\u00e4lpen samlade vi in 3500 kr<\/p>\n","protected":false},"author":1,"featured_media":0,"parent":0,"menu_order":0,"comment_status":"closed","ping_status":"closed","template":"","meta":{"footnotes":""},"class_list":["post-529","page","type-page","status-publish","hentry"],"aioseo_notices":[],"_links":{"self":[{"href":"https:\/\/vhundsport.se\/index.php?rest_route=\/wp\/v2\/pages\/529","targetHints":{"allow":["GET"]}}],"collection":[{"href":"https:\/\/vhundsport.se\/index.php?rest_route=\/wp\/v2\/pages"}],"about":[{"href":"https:\/\/vhundsport.se\/index.php?rest_route=\/wp\/v2\/types\/page"}],"author":[{"embeddable":true,"href":"https:\/\/vhundsport.se\/index.php?rest_route=\/wp\/v2\/users\/1"}],"replies":[{"embeddable":true,"href":"https:\/\/vhundsport.se\/index.php?rest_route=%2Fwp%2Fv2%2Fcomments&post=529"}],"version-history":[{"count":2,"href":"https:\/\/vhundsport.se\/index.php?rest_route=\/wp\/v2\/pages\/529\/revisions"}],"predecessor-version":[{"id":532,"href":"https:\/\/vhundsport.se\/index.php?rest_route=\/wp\/v2\/pages\/529\/revisions\/532"}],"wp:attachment":[{"href":"https:\/\/vhundsport.se\/index.php?rest_route=%2Fwp%2Fv2%2Fmedia&parent=529"}],"curies":[{"name":"wp","href":"https:\/\/api.w.org\/{rel}","templated":true}]}}