{"id":565,"date":"2024-12-30T09:14:43","date_gmt":"2024-12-30T08:14:43","guid":{"rendered":"https:\/\/vhundsport.se\/?page_id=565"},"modified":"2024-12-30T09:14:43","modified_gmt":"2024-12-30T08:14:43","slug":"hinderbana","status":"publish","type":"page","link":"https:\/\/vhundsport.se\/?page_id=565","title":{"rendered":"Hinderbana"},"content":{"rendered":"\n<p>I hallen finns lite olika f\u00f6rem\u00e5l som man kan bygga en hinderbana med. H\u00e4r g\u00e5r Zpeja en bana och l\u00e4r sig g\u00e5 ner f\u00f6r en ramp.<\/p>\n\n\n\n<figure class=\"wp-block-embed is-type-video is-provider-youtube wp-block-embed-youtube wp-embed-aspect-16-9 wp-has-aspect-ratio\"><div class=\"wp-block-embed__wrapper\">\n<iframe loading=\"lazy\" title=\"Zpeja k\u00f6r hinderbana 161124\" width=\"750\" height=\"422\" src=\"https:\/\/www.youtube.com\/embed\/Uyn0BJTNvdU?feature=oembed\" frameborder=\"0\" allow=\"accelerometer; autoplay; clipboard-write; encrypted-media; gyroscope; picture-in-picture; web-share\" referrerpolicy=\"strict-origin-when-cross-origin\" allowfullscreen><\/iframe>\n<\/div><\/figure>\n","protected":false},"excerpt":{"rendered":"<p>I hallen finns lite olika f\u00f6rem\u00e5l som man kan bygga en hinderbana med. H\u00e4r g\u00e5r Zpeja en bana och l\u00e4r sig g\u00e5 ner f\u00f6r en ramp.<\/p>\n","protected":false},"author":1,"featured_media":0,"parent":0,"menu_order":0,"comment_status":"closed","ping_status":"closed","template":"","meta":{"footnotes":""},"class_list":["post-565","page","type-page","status-publish","hentry"],"aioseo_notices":[],"_links":{"self":[{"href":"https:\/\/vhundsport.se\/index.php?rest_route=\/wp\/v2\/pages\/565","targetHints":{"allow":["GET"]}}],"collection":[{"href":"https:\/\/vhundsport.se\/index.php?rest_route=\/wp\/v2\/pages"}],"about":[{"href":"https:\/\/vhundsport.se\/index.php?rest_route=\/wp\/v2\/types\/page"}],"author":[{"embeddable":true,"href":"https:\/\/vhundsport.se\/index.php?rest_route=\/wp\/v2\/users\/1"}],"replies":[{"embeddable":true,"href":"https:\/\/vhundsport.se\/index.php?rest_route=%2Fwp%2Fv2%2Fcomments&post=565"}],"version-history":[{"count":1,"href":"https:\/\/vhundsport.se\/index.php?rest_route=\/wp\/v2\/pages\/565\/revisions"}],"predecessor-version":[{"id":566,"href":"https:\/\/vhundsport.se\/index.php?rest_route=\/wp\/v2\/pages\/565\/revisions\/566"}],"wp:attachment":[{"href":"https:\/\/vhundsport.se\/index.php?rest_route=%2Fwp%2Fv2%2Fmedia&parent=565"}],"curies":[{"name":"wp","href":"https:\/\/api.w.org\/{rel}","templated":true}]}}